{"id":2202,"date":"2023-07-13T17:03:24","date_gmt":"2023-07-13T15:03:24","guid":{"rendered":"https:\/\/360haarlemtours.com\/blogs\/"},"modified":"2024-07-29T15:38:55","modified_gmt":"2024-07-29T13:38:55","slug":"blogs","status":"publish","type":"page","link":"https:\/\/360haarlemtours.com\/de\/blogs\/","title":{"rendered":"Blogs"},"content":{"rendered":"<p>[et_pb_section fb_built=&#8220;1&#8243; disabled_on=&#8220;on|off|off&#8220; admin_label=&#8220;Header Desktop&#8220; _builder_version=&#8220;4.21.0&#8243; background_image=&#8220;https:\/\/360haarlemtours.com\/wp-content\/uploads\/2023\/07\/Grote-Kerk-St-Bavo-Church-Haarlem-Netherlands-blogs.jpg&#8220; global_colors_info=&#8220;{}&#8220;][et_pb_row _builder_version=&#8220;4.16&#8243; custom_padding=&#8220;150px||150px||true|&#8220; global_colors_info=&#8220;{}&#8220;][et_pb_column type=&#8220;4_4&#8243; _builder_version=&#8220;4.16&#8243; custom_padding=&#8220;|||&#8220; global_colors_info=&#8220;{}&#8220; custom_padding__hover=&#8220;|||&#8220;][et_pb_text _builder_version=&#8220;4.26.1&#8243; header_font=&#8220;|600|||||||&#8220; header_font_size=&#8220;65px&#8220; hover_enabled=&#8220;0&#8243; global_colors_info=&#8220;{}&#8220; sticky_enabled=&#8220;0&#8243;]<\/p>\n<h1 style=\"text-align: center;\"><span style=\"color: #ffffff;\">Blogs<\/span><\/h1>\n<p>[\/et_pb_text][\/et_pb_column][\/et_pb_row][\/et_pb_section][et_pb_section fb_built=&#8220;1&#8243; disabled_on=&#8220;off|on|on&#8220; admin_label=&#8220;Header Mobile&#8220; _builder_version=&#8220;4.21.0&#8243; background_image=&#8220;https:\/\/360haarlemtours.com\/wp-content\/uploads\/2023\/07\/Grote-Kerk-St-Bavo-Church-Haarlem-Netherlands-blogs-mobile.jpg&#8220; custom_padding=&#8220;|8px||||&#8220; global_colors_info=&#8220;{}&#8220;][et_pb_row _builder_version=&#8220;4.16&#8243; custom_padding=&#8220;150px||150px||true|&#8220; global_colors_info=&#8220;{}&#8220;][et_pb_column type=&#8220;4_4&#8243; _builder_version=&#8220;4.16&#8243; custom_padding=&#8220;|||&#8220; global_colors_info=&#8220;{}&#8220; custom_padding__hover=&#8220;|||&#8220;][et_pb_text _builder_version=&#8220;4.26.1&#8243; text_font=&#8220;||||||||&#8220; text_text_color=&#8220;#FFFFFF&#8220; header_font=&#8220;|600|||||||&#8220; header_text_align=&#8220;center&#8220; header_text_color=&#8220;#FFFFFF&#8220; header_font_size=&#8220;40px&#8220; text_orientation=&#8220;center&#8220; hover_enabled=&#8220;0&#8243; text_text_align=&#8220;center&#8220; global_colors_info=&#8220;{}&#8220; sticky_enabled=&#8220;0&#8243;]<\/p>\n<h1>Blogs<\/h1>\n<p>[\/et_pb_text][\/et_pb_column][\/et_pb_row][\/et_pb_section][et_pb_section fb_built=&#8220;1&#8243; _builder_version=&#8220;4.16&#8243; custom_padding=&#8220;17px|||||&#8220; z_index_tablet=&#8220;500&#8243; box_shadow_horizontal_tablet=&#8220;0px&#8220; box_shadow_vertical_tablet=&#8220;0px&#8220; box_shadow_blur_tablet=&#8220;40px&#8220; box_shadow_spread_tablet=&#8220;0px&#8220; saved_tabs=&#8220;all&#8220; global_colors_info=&#8220;{}&#8220;][et_pb_row _builder_version=&#8220;4.16&#8243; min_height=&#8220;155px&#8220; custom_margin=&#8220;|auto|-70px|auto|false|false&#8220; custom_padding=&#8220;||0px||false|false&#8220; global_colors_info=&#8220;{}&#8220;][et_pb_column type=&#8220;4_4&#8243; _builder_version=&#8220;4.16&#8243; custom_padding=&#8220;|||&#8220; global_colors_info=&#8220;{}&#8220; custom_padding__hover=&#8220;|||&#8220;][et_pb_search placeholder=&#8220;Blogs durchsuchen&#8220; button_color=&#8220;#f37e2b&#8220; _builder_version=&#8220;4.16&#8243; button_text_color=&#8220;#ffffff&#8220; global_colors_info=&#8220;{}&#8220;][\/et_pb_search][\/et_pb_column][\/et_pb_row][et_pb_row _builder_version=&#8220;4.16&#8243; min_height=&#8220;155px&#8220; custom_margin=&#8220;|auto|-1px|auto||&#8220; global_colors_info=&#8220;{}&#8220;][et_pb_column type=&#8220;4_4&#8243; _builder_version=&#8220;4.16&#8243; custom_padding=&#8220;|||&#8220; global_colors_info=&#8220;{}&#8220; custom_padding__hover=&#8220;|||&#8220;][et_pb_blog fullwidth=&#8220;off&#8220; posts_number=&#8220;6&#8243; include_categories=&#8220;75&#8243; meta_date=&#8220;M, Y&#8220; show_more=&#8220;on&#8220; show_author=&#8220;off&#8220; _builder_version=&#8220;4.21.0&#8243; header_font=&#8220;|600|||||||&#8220; header_font_size=&#8220;18px&#8220; meta_font=&#8220;||||||||&#8220; read_more_font=&#8220;|600|||||||&#8220; read_more_text_color=&#8220;#ff6600&#8243; border_width_all_image=&#8220;20px&#8220; border_color_all_image=&#8220;#ffffff&#8220; box_shadow_style=&#8220;preset1&#8243; global_colors_info=&#8220;{}&#8220;][\/et_pb_blog][\/et_pb_column][\/et_pb_row][\/et_pb_section]<\/p>\n","protected":false},"excerpt":{"rendered":"<p>BlogsBlogs<\/p>\n","protected":false},"author":1,"featured_media":2188,"parent":0,"menu_order":0,"comment_status":"closed","ping_status":"closed","template":"","meta":{"_et_pb_use_builder":"on","_et_pb_old_content":"","_et_gb_content_width":"","_uf_show_specific_survey":0,"_uf_disable_surveys":false,"footnotes":""},"class_list":["post-2202","page","type-page","status-publish","has-post-thumbnail","hentry"],"yoast_head":"<!-- This site is optimized with the Yoast SEO plugin v27.2 - https:\/\/yoast.com\/product\/yoast-seo-wordpress\/ -->\n<title>Blogs - 360 Haarlem Tours<\/title>\n<meta name=\"description\" content=\"Interessante Informationen \u00fcber Haarlem, Unternehmungen, Sehensw\u00fcrdigkeiten und die besten Tipps f\u00fcr Restaurants und Aktivit\u00e4ten...\" \/>\n<meta name=\"robots\" content=\"index, follow, max-snippet:-1, max-image-preview:large, max-video-preview:-1\" \/>\n<link rel=\"canonical\" href=\"https:\/\/360haarlemtours.com\/de\/blogs\/\" \/>\n<meta property=\"og:locale\" content=\"de_DE\" \/>\n<meta property=\"og:type\" content=\"article\" \/>\n<meta property=\"og:title\" content=\"Blogs - 360 Haarlem Tours\" \/>\n<meta property=\"og:description\" content=\"Interessante Informationen \u00fcber Haarlem, Unternehmungen, Sehensw\u00fcrdigkeiten und die besten Tipps f\u00fcr Restaurants und Aktivit\u00e4ten...\" \/>\n<meta property=\"og:url\" content=\"https:\/\/360haarlemtours.com\/de\/blogs\/\" \/>\n<meta property=\"og:site_name\" content=\"360 Haarlem Tours\" \/>\n<meta property=\"article:modified_time\" content=\"2024-07-29T13:38:55+00:00\" \/>\n<meta property=\"og:image\" content=\"https:\/\/360haarlemtours.com\/wp-content\/uploads\/2023\/07\/Things-to-do-in-Haarlem-Netherlands-blogpage.jpg\" \/>\n\t<meta property=\"og:image:width\" content=\"1024\" \/>\n\t<meta property=\"og:image:height\" content=\"640\" \/>\n\t<meta property=\"og:image:type\" content=\"image\/jpeg\" \/>\n<meta name=\"twitter:card\" content=\"summary_large_image\" \/>\n<meta name=\"twitter:label1\" content=\"Gesch\u00e4tzte Lesezeit\" \/>\n\t<meta name=\"twitter:data1\" content=\"2\u00a0Minuten\" \/>\n<script type=\"application\/ld+json\" class=\"yoast-schema-graph\">{\"@context\":\"https:\/\/schema.org\",\"@graph\":[{\"@type\":\"WebPage\",\"@id\":\"https:\/\/360haarlemtours.com\/de\/blogs\/\",\"url\":\"https:\/\/360haarlemtours.com\/de\/blogs\/\",\"name\":\"Blogs - 360 Haarlem Tours\",\"isPartOf\":{\"@id\":\"https:\/\/360haarlemtours.com\/de\/#website\"},\"primaryImageOfPage\":{\"@id\":\"https:\/\/360haarlemtours.com\/de\/blogs\/#primaryimage\"},\"image\":{\"@id\":\"https:\/\/360haarlemtours.com\/de\/blogs\/#primaryimage\"},\"thumbnailUrl\":\"https:\/\/360haarlemtours.com\/wp-content\/uploads\/2023\/07\/Things-to-do-in-Haarlem-Netherlands-blogpage.jpg\",\"datePublished\":\"2023-07-13T15:03:24+00:00\",\"dateModified\":\"2024-07-29T13:38:55+00:00\",\"description\":\"Interessante Informationen \u00fcber Haarlem, Unternehmungen, Sehensw\u00fcrdigkeiten und die besten Tipps f\u00fcr Restaurants und Aktivit\u00e4ten...\",\"breadcrumb\":{\"@id\":\"https:\/\/360haarlemtours.com\/de\/blogs\/#breadcrumb\"},\"inLanguage\":\"de\",\"potentialAction\":[{\"@type\":\"ReadAction\",\"target\":[\"https:\/\/360haarlemtours.com\/de\/blogs\/\"]}]},{\"@type\":\"ImageObject\",\"inLanguage\":\"de\",\"@id\":\"https:\/\/360haarlemtours.com\/de\/blogs\/#primaryimage\",\"url\":\"https:\/\/360haarlemtours.com\/wp-content\/uploads\/2023\/07\/Things-to-do-in-Haarlem-Netherlands-blogpage.jpg\",\"contentUrl\":\"https:\/\/360haarlemtours.com\/wp-content\/uploads\/2023\/07\/Things-to-do-in-Haarlem-Netherlands-blogpage.jpg\",\"width\":1024,\"height\":640},{\"@type\":\"BreadcrumbList\",\"@id\":\"https:\/\/360haarlemtours.com\/de\/blogs\/#breadcrumb\",\"itemListElement\":[{\"@type\":\"ListItem\",\"position\":1,\"name\":\"Home\",\"item\":\"https:\/\/360haarlemtours.com\/de\/\"},{\"@type\":\"ListItem\",\"position\":2,\"name\":\"Blogs\"}]},{\"@type\":\"WebSite\",\"@id\":\"https:\/\/360haarlemtours.com\/de\/#website\",\"url\":\"https:\/\/360haarlemtours.com\/de\/\",\"name\":\"360 Haarlem Tours\",\"description\":\"Best Walking City Tours | Food Tours | Activities\",\"publisher\":{\"@id\":\"https:\/\/360haarlemtours.com\/de\/#organization\"},\"potentialAction\":[{\"@type\":\"SearchAction\",\"target\":{\"@type\":\"EntryPoint\",\"urlTemplate\":\"https:\/\/360haarlemtours.com\/de\/?s={search_term_string}\"},\"query-input\":{\"@type\":\"PropertyValueSpecification\",\"valueRequired\":true,\"valueName\":\"search_term_string\"}}],\"inLanguage\":\"de\"},{\"@type\":\"Organization\",\"@id\":\"https:\/\/360haarlemtours.com\/de\/#organization\",\"name\":\"360 Haarlem Tours\",\"url\":\"https:\/\/360haarlemtours.com\/de\/\",\"logo\":{\"@type\":\"ImageObject\",\"inLanguage\":\"de\",\"@id\":\"https:\/\/360haarlemtours.com\/de\/#\/schema\/logo\/image\/\",\"url\":\"https:\/\/360haarlemtours.com\/wp-content\/uploads\/2023\/04\/cropped-Logo-badge-1.png\",\"contentUrl\":\"https:\/\/360haarlemtours.com\/wp-content\/uploads\/2023\/04\/cropped-Logo-badge-1.png\",\"width\":512,\"height\":512,\"caption\":\"360 Haarlem Tours\"},\"image\":{\"@id\":\"https:\/\/360haarlemtours.com\/de\/#\/schema\/logo\/image\/\"}}]}<\/script>\n<!-- \/ Yoast SEO plugin. -->","yoast_head_json":{"title":"Blogs - 360 Haarlem Tours","description":"Interessante Informationen \u00fcber Haarlem, Unternehmungen, Sehensw\u00fcrdigkeiten und die besten Tipps f\u00fcr Restaurants und Aktivit\u00e4ten...","robots":{"index":"index","follow":"follow","max-snippet":"max-snippet:-1","max-image-preview":"max-image-preview:large","max-video-preview":"max-video-preview:-1"},"canonical":"https:\/\/360haarlemtours.com\/de\/blogs\/","og_locale":"de_DE","og_type":"article","og_title":"Blogs - 360 Haarlem Tours","og_description":"Interessante Informationen \u00fcber Haarlem, Unternehmungen, Sehensw\u00fcrdigkeiten und die besten Tipps f\u00fcr Restaurants und Aktivit\u00e4ten...","og_url":"https:\/\/360haarlemtours.com\/de\/blogs\/","og_site_name":"360 Haarlem Tours","article_modified_time":"2024-07-29T13:38:55+00:00","og_image":[{"width":1024,"height":640,"url":"https:\/\/360haarlemtours.com\/wp-content\/uploads\/2023\/07\/Things-to-do-in-Haarlem-Netherlands-blogpage.jpg","type":"image\/jpeg"}],"twitter_card":"summary_large_image","twitter_misc":{"Gesch\u00e4tzte Lesezeit":"2\u00a0Minuten"},"schema":{"@context":"https:\/\/schema.org","@graph":[{"@type":"WebPage","@id":"https:\/\/360haarlemtours.com\/de\/blogs\/","url":"https:\/\/360haarlemtours.com\/de\/blogs\/","name":"Blogs - 360 Haarlem Tours","isPartOf":{"@id":"https:\/\/360haarlemtours.com\/de\/#website"},"primaryImageOfPage":{"@id":"https:\/\/360haarlemtours.com\/de\/blogs\/#primaryimage"},"image":{"@id":"https:\/\/360haarlemtours.com\/de\/blogs\/#primaryimage"},"thumbnailUrl":"https:\/\/360haarlemtours.com\/wp-content\/uploads\/2023\/07\/Things-to-do-in-Haarlem-Netherlands-blogpage.jpg","datePublished":"2023-07-13T15:03:24+00:00","dateModified":"2024-07-29T13:38:55+00:00","description":"Interessante Informationen \u00fcber Haarlem, Unternehmungen, Sehensw\u00fcrdigkeiten und die besten Tipps f\u00fcr Restaurants und Aktivit\u00e4ten...","breadcrumb":{"@id":"https:\/\/360haarlemtours.com\/de\/blogs\/#breadcrumb"},"inLanguage":"de","potentialAction":[{"@type":"ReadAction","target":["https:\/\/360haarlemtours.com\/de\/blogs\/"]}]},{"@type":"ImageObject","inLanguage":"de","@id":"https:\/\/360haarlemtours.com\/de\/blogs\/#primaryimage","url":"https:\/\/360haarlemtours.com\/wp-content\/uploads\/2023\/07\/Things-to-do-in-Haarlem-Netherlands-blogpage.jpg","contentUrl":"https:\/\/360haarlemtours.com\/wp-content\/uploads\/2023\/07\/Things-to-do-in-Haarlem-Netherlands-blogpage.jpg","width":1024,"height":640},{"@type":"BreadcrumbList","@id":"https:\/\/360haarlemtours.com\/de\/blogs\/#breadcrumb","itemListElement":[{"@type":"ListItem","position":1,"name":"Home","item":"https:\/\/360haarlemtours.com\/de\/"},{"@type":"ListItem","position":2,"name":"Blogs"}]},{"@type":"WebSite","@id":"https:\/\/360haarlemtours.com\/de\/#website","url":"https:\/\/360haarlemtours.com\/de\/","name":"360 Haarlem Tours","description":"Best Walking City Tours | Food Tours | Activities","publisher":{"@id":"https:\/\/360haarlemtours.com\/de\/#organization"},"potentialAction":[{"@type":"SearchAction","target":{"@type":"EntryPoint","urlTemplate":"https:\/\/360haarlemtours.com\/de\/?s={search_term_string}"},"query-input":{"@type":"PropertyValueSpecification","valueRequired":true,"valueName":"search_term_string"}}],"inLanguage":"de"},{"@type":"Organization","@id":"https:\/\/360haarlemtours.com\/de\/#organization","name":"360 Haarlem Tours","url":"https:\/\/360haarlemtours.com\/de\/","logo":{"@type":"ImageObject","inLanguage":"de","@id":"https:\/\/360haarlemtours.com\/de\/#\/schema\/logo\/image\/","url":"https:\/\/360haarlemtours.com\/wp-content\/uploads\/2023\/04\/cropped-Logo-badge-1.png","contentUrl":"https:\/\/360haarlemtours.com\/wp-content\/uploads\/2023\/04\/cropped-Logo-badge-1.png","width":512,"height":512,"caption":"360 Haarlem Tours"},"image":{"@id":"https:\/\/360haarlemtours.com\/de\/#\/schema\/logo\/image\/"}}]}},"_links":{"self":[{"href":"https:\/\/360haarlemtours.com\/de\/wp-json\/wp\/v2\/pages\/2202","targetHints":{"allow":["GET"]}}],"collection":[{"href":"https:\/\/360haarlemtours.com\/de\/wp-json\/wp\/v2\/pages"}],"about":[{"href":"https:\/\/360haarlemtours.com\/de\/wp-json\/wp\/v2\/types\/page"}],"author":[{"embeddable":true,"href":"https:\/\/360haarlemtours.com\/de\/wp-json\/wp\/v2\/users\/1"}],"replies":[{"embeddable":true,"href":"https:\/\/360haarlemtours.com\/de\/wp-json\/wp\/v2\/comments?post=2202"}],"version-history":[{"count":17,"href":"https:\/\/360haarlemtours.com\/de\/wp-json\/wp\/v2\/pages\/2202\/revisions"}],"predecessor-version":[{"id":3589,"href":"https:\/\/360haarlemtours.com\/de\/wp-json\/wp\/v2\/pages\/2202\/revisions\/3589"}],"wp:featuredmedia":[{"embeddable":true,"href":"https:\/\/360haarlemtours.com\/de\/wp-json\/wp\/v2\/media\/2188"}],"wp:attachment":[{"href":"https:\/\/360haarlemtours.com\/de\/wp-json\/wp\/v2\/media?parent=2202"}],"curies":[{"name":"wp","href":"https:\/\/api.w.org\/{rel}","templated":true}]}}