{"id":431,"date":"2023-05-01T10:19:34","date_gmt":"2023-05-01T08:19:34","guid":{"rendered":"https:\/\/360haarlemtours.com\/contacto-con-nosotros\/"},"modified":"2023-05-26T08:44:04","modified_gmt":"2023-05-26T06:44:04","slug":"contacto-con-nosotros","status":"publish","type":"page","link":"https:\/\/360haarlemtours.com\/es\/contacto-con-nosotros\/","title":{"rendered":"Contacto con nosotros"},"content":{"rendered":"\n\n[et_pb_section fb_built=\u00bb1&#8243; disabled_on=\u00bboff|off|off\u00bb _builder_version=\u00bb4.19.5&#8243; custom_padding=\u00bb17px|||||\u00bb global_colors_info=\u00bb{}\u00bb][et_pb_row column_structure=\u00bb3_5,2_5&#8243; _builder_version=\u00bb4.19.2&#8243; global_colors_info=\u00bb{}\u00bb][et_pb_column type=\u00bb3_5&#8243; _builder_version=\u00bb4.16&#8243; custom_padding=\u00bb|||\u00bb global_colors_info=\u00bb{}\u00bb custom_padding__hover=\u00bb|||\u00bb][wpforms_selector form_id=\u00bb116&#8243; show_title=\u00bbon\u00bb _builder_version=\u00bb4.20.4&#8243; _module_preset=\u00bbdefault\u00bb width=\u00bb100%\u00bb custom_margin=\u00bb|||50px|false|false\u00bb custom_margin_tablet=\u00bb|||50px|false|false\u00bb custom_margin_phone=\u00bb|||0px|false|false\u00bb custom_margin_last_edited=\u00bbon|desktop\u00bb custom_padding=\u00bb||||false|true\u00bb custom_padding_tablet=\u00bb||||false|true\u00bb custom_padding_phone=\u00bb||||false|true\u00bb custom_padding_last_edited=\u00bbon|phone\u00bb hover_enabled=\u00bb0&#8243; global_colors_info=\u00bb{}\u00bb sticky_enabled=\u00bb0&#8243;][\/wpforms_selector][\/et_pb_column][et_pb_column type=\u00bb2_5&#8243; _builder_version=\u00bb4.19.5&#8243; _module_preset=\u00bbdefault\u00bb global_colors_info=\u00bb{}\u00bb][et_pb_image src=\u00bbhttps:\/\/360haarlemtours.com\/wp-content\/uploads\/2023\/04\/Dutch-house-2.png\u00bb title_text=\u00bbCasa holandesa 2&#8243; disabled_on=\u00bbon|on|off\u00bb _builder_version=\u00bb4.19.5&#8243; _module_preset=\u00bbdefault\u00bb global_colors_info=\u00bb{}\u00bb][\/et_pb_image][\/et_pb_column][\/et_pb_row][\/et_pb_section]\n\n","protected":false},"excerpt":{"rendered":"<div class=\"et_pb_module wpforms_selector wpforms_selector_0\">\n\t\t\t\t\n\t\t\t\t\n\t\t\t\t\n\t\t\t\t\n\t\t\t\t\n\t\t\t\t\n\t\t\t\t<div class=\"et_pb_module_inner\">\n\t\t\t\t\t<style id=\"wpforms-css-vars-116\">\n\t\t\t\t#wpforms-116 {\n\t\t\t\t\n\t\t\t}\n\t\t\t<\/style><div class=\"wpforms-container wpforms-container-full wpforms-render-modern\" id=\"wpforms-116\"><form id=\"wpforms-form-116\" class=\"wpforms-validate wpforms-form wpforms-ajax-form\" data-formid=\"116\" method=\"post\" enctype=\"multipart\/form-data\" action=\"\/es\/wp-json\/wp\/v2\/pages\/431\" data-token=\"3af0f7f32b021dcbbff7fad940b165d9\" data-token-time=\"1775239471\"><div class=\"wpforms-head-container\"><div class=\"wpforms-title\">Contact us<\/div><\/div><noscript class=\"wpforms-error-noscript\">Por favor, activa JavaScript en tu navegador para completar este formulario.<\/noscript><div id=\"wpforms-error-noscript\" style=\"display: none;\">Por favor, activa JavaScript en tu navegador para completar este formulario.<\/div><div class=\"wpforms-field-container\"><div id=\"wpforms-116-field_1-container\" class=\"wpforms-field wpforms-field-name\" data-field-id=\"1\"><fieldset><legend class=\"wpforms-field-label\">Name <span class=\"wpforms-required-label\" aria-hidden=\"true\">*<\/span><\/legend><div class=\"wpforms-field-row wpforms-field-medium\"><div class=\"wpforms-field-row-block wpforms-first wpforms-one-half\"><input type=\"text\" id=\"wpforms-116-field_1\" class=\"wpforms-field-name-first wpforms-field-required\" name=\"wpforms[fields][1][first]\" aria-errormessage=\"wpforms-116-field_1-error\" required><label for=\"wpforms-116-field_1\" class=\"wpforms-field-sublabel after\">First<\/label><\/div><div class=\"wpforms-field-row-block wpforms-one-half\"><input type=\"text\" id=\"wpforms-116-field_1-last\" class=\"wpforms-field-name-last wpforms-field-required\" name=\"wpforms[fields][1][last]\" aria-errormessage=\"wpforms-116-field_1-last-error\" required><label for=\"wpforms-116-field_1-last\" class=\"wpforms-field-sublabel after\">Last<\/label><\/div><\/div><\/fieldset><\/div><div id=\"wpforms-116-field_2-container\" class=\"wpforms-field wpforms-field-email\" data-field-id=\"2\"><label class=\"wpforms-field-label\" for=\"wpforms-116-field_2\">Email <span class=\"wpforms-required-label\" aria-hidden=\"true\">*<\/span><\/label><input type=\"email\" id=\"wpforms-116-field_2\" class=\"wpforms-field-medium wpforms-field-required\" name=\"wpforms[fields][2]\" spellcheck=\"false\" aria-errormessage=\"wpforms-116-field_2-error\" required><\/div><div id=\"wpforms-116-field_3-container\" class=\"wpforms-field wpforms-field-select wpforms-field-select-style-classic\" data-field-id=\"3\"><label class=\"wpforms-field-label\" for=\"wpforms-116-field_3\">How did you hear about us? <span class=\"wpforms-required-label\" aria-hidden=\"true\">*<\/span><\/label><select id=\"wpforms-116-field_3\" class=\"wpforms-field-medium wpforms-field-required\" name=\"wpforms[fields][3]\" required=\"required\"><option value=\"Google\"  class=\"choice-1 depth-1\"  >Google<\/option><option value=\"Facebook \"  class=\"choice-2 depth-1\"  >Facebook<\/option><option value=\"Instagram\"  class=\"choice-3 depth-1\"  >Instagram<\/option><option value=\"TripAdvisor\"  class=\"choice-4 depth-1\"  >TripAdvisor<\/option><option value=\"Company website\"  class=\"choice-5 depth-1\"  >Company website<\/option><option value=\"Referral\"  class=\"choice-6 depth-1\"  >Referral<\/option><\/select><\/div><div id=\"wpforms-116-field_4-container\" class=\"wpforms-field wpforms-field-textarea\" data-field-id=\"4\"><label class=\"wpforms-field-label\" for=\"wpforms-116-field_4\">Message <span class=\"wpforms-required-label\" aria-hidden=\"true\">*<\/span><\/label><textarea id=\"wpforms-116-field_4\" class=\"wpforms-field-medium wpforms-field-required\" name=\"wpforms[fields][4]\" aria-errormessage=\"wpforms-116-field_4-error\" required><\/textarea><\/div><\/div><!-- .wpforms-field-container --><div class=\"wpforms-recaptcha-container wpforms-is-recaptcha wpforms-is-recaptcha-type-v3\" ><input type=\"hidden\" name=\"wpforms[recaptcha]\" value=\"\"><\/div><div class=\"wpforms-submit-container\" ><input type=\"hidden\" name=\"wpforms[id]\" value=\"116\"><input type=\"hidden\" name=\"page_title\" value=\"\"><input type=\"hidden\" name=\"page_url\" value=\"https:\/\/360haarlemtours.com\/es\/wp-json\/wp\/v2\/pages\/431\"><input type=\"hidden\" name=\"url_referer\" value=\"\"><button type=\"submit\" name=\"wpforms[submit]\" id=\"wpforms-submit-116\" class=\"wpforms-submit\" data-alt-text=\"Sending...\" data-submit-text=\"SEND\" aria-live=\"assertive\" value=\"wpforms-submit\">SEND<\/button><img loading=\"lazy\" decoding=\"async\" src=\"https:\/\/360haarlemtours.com\/wp-content\/plugins\/wpforms-lite\/assets\/images\/submit-spin.svg\" class=\"wpforms-submit-spinner\" style=\"display: none;\" width=\"26\" height=\"26\" alt=\"Cargando\"><\/div><\/form><\/div>  <!-- .wpforms-container -->\n\t\t\t\t<\/div>\n\t\t\t<\/div>\n","protected":false},"author":1,"featured_media":355,"parent":0,"menu_order":0,"comment_status":"closed","ping_status":"closed","template":"","meta":{"_et_pb_use_builder":"on","_et_pb_old_content":"","_et_gb_content_width":"","_uf_show_specific_survey":0,"_uf_disable_surveys":false,"footnotes":""},"class_list":["post-431","page","type-page","status-publish","has-post-thumbnail","hentry"],"yoast_head":"<!-- This site is optimized with the Yoast SEO plugin v27.2 - https:\/\/yoast.com\/product\/yoast-seo-wordpress\/ -->\n<title>Contacto con nosotros - 360 Haarlem Tours<\/title>\n<meta name=\"description\" content=\"D\u00edganos qu\u00e9 le gustar\u00eda hacer en Haarlem, estaremos encantados de ayudarle.\" \/>\n<meta name=\"robots\" content=\"index, follow, max-snippet:-1, max-image-preview:large, max-video-preview:-1\" \/>\n<link rel=\"canonical\" href=\"https:\/\/360haarlemtours.com\/es\/contacto-con-nosotros\/\" \/>\n<meta property=\"og:locale\" content=\"es_ES\" \/>\n<meta property=\"og:type\" content=\"article\" \/>\n<meta property=\"og:title\" content=\"Contacto con nosotros - 360 Haarlem Tours\" \/>\n<meta property=\"og:description\" content=\"D\u00edganos qu\u00e9 le gustar\u00eda hacer en Haarlem, estaremos encantados de ayudarle.\" \/>\n<meta property=\"og:url\" content=\"https:\/\/360haarlemtours.com\/es\/contacto-con-nosotros\/\" \/>\n<meta property=\"og:site_name\" content=\"360 Haarlem Tours\" \/>\n<meta property=\"article:modified_time\" content=\"2023-05-26T06:44:04+00:00\" \/>\n<meta property=\"og:image\" content=\"https:\/\/360haarlemtours.com\/wp-content\/uploads\/2023\/04\/cropped-Logo-badge-1.png\" \/>\n\t<meta property=\"og:image:width\" content=\"512\" \/>\n\t<meta property=\"og:image:height\" content=\"512\" \/>\n\t<meta property=\"og:image:type\" content=\"image\/png\" \/>\n<meta name=\"twitter:card\" content=\"summary_large_image\" \/>\n<meta name=\"twitter:label1\" content=\"Tiempo de lectura\" \/>\n\t<meta name=\"twitter:data1\" content=\"1 minuto\" \/>\n<script type=\"application\/ld+json\" class=\"yoast-schema-graph\">{\"@context\":\"https:\/\/schema.org\",\"@graph\":[{\"@type\":\"WebPage\",\"@id\":\"https:\/\/360haarlemtours.com\/es\/contacto-con-nosotros\/\",\"url\":\"https:\/\/360haarlemtours.com\/es\/contacto-con-nosotros\/\",\"name\":\"Contacto con nosotros - 360 Haarlem Tours\",\"isPartOf\":{\"@id\":\"https:\/\/360haarlemtours.com\/es\/#website\"},\"primaryImageOfPage\":{\"@id\":\"https:\/\/360haarlemtours.com\/es\/contacto-con-nosotros\/#primaryimage\"},\"image\":{\"@id\":\"https:\/\/360haarlemtours.com\/es\/contacto-con-nosotros\/#primaryimage\"},\"thumbnailUrl\":\"https:\/\/360haarlemtours.com\/wp-content\/uploads\/2023\/04\/cropped-Logo-badge-1.png\",\"datePublished\":\"2023-05-01T08:19:34+00:00\",\"dateModified\":\"2023-05-26T06:44:04+00:00\",\"description\":\"D\u00edganos qu\u00e9 le gustar\u00eda hacer en Haarlem, estaremos encantados de ayudarle.\",\"breadcrumb\":{\"@id\":\"https:\/\/360haarlemtours.com\/es\/contacto-con-nosotros\/#breadcrumb\"},\"inLanguage\":\"es\",\"potentialAction\":[{\"@type\":\"ReadAction\",\"target\":[\"https:\/\/360haarlemtours.com\/es\/contacto-con-nosotros\/\"]}]},{\"@type\":\"ImageObject\",\"inLanguage\":\"es\",\"@id\":\"https:\/\/360haarlemtours.com\/es\/contacto-con-nosotros\/#primaryimage\",\"url\":\"https:\/\/360haarlemtours.com\/wp-content\/uploads\/2023\/04\/cropped-Logo-badge-1.png\",\"contentUrl\":\"https:\/\/360haarlemtours.com\/wp-content\/uploads\/2023\/04\/cropped-Logo-badge-1.png\",\"width\":512,\"height\":512},{\"@type\":\"BreadcrumbList\",\"@id\":\"https:\/\/360haarlemtours.com\/es\/contacto-con-nosotros\/#breadcrumb\",\"itemListElement\":[{\"@type\":\"ListItem\",\"position\":1,\"name\":\"Home\",\"item\":\"https:\/\/360haarlemtours.com\/es\/\"},{\"@type\":\"ListItem\",\"position\":2,\"name\":\"Contacto con nosotros\"}]},{\"@type\":\"WebSite\",\"@id\":\"https:\/\/360haarlemtours.com\/es\/#website\",\"url\":\"https:\/\/360haarlemtours.com\/es\/\",\"name\":\"360 Haarlem Tours\",\"description\":\"Best Walking City Tours | Food Tours | Activities\",\"publisher\":{\"@id\":\"https:\/\/360haarlemtours.com\/es\/#organization\"},\"potentialAction\":[{\"@type\":\"SearchAction\",\"target\":{\"@type\":\"EntryPoint\",\"urlTemplate\":\"https:\/\/360haarlemtours.com\/es\/?s={search_term_string}\"},\"query-input\":{\"@type\":\"PropertyValueSpecification\",\"valueRequired\":true,\"valueName\":\"search_term_string\"}}],\"inLanguage\":\"es\"},{\"@type\":\"Organization\",\"@id\":\"https:\/\/360haarlemtours.com\/es\/#organization\",\"name\":\"360 Haarlem Tours\",\"url\":\"https:\/\/360haarlemtours.com\/es\/\",\"logo\":{\"@type\":\"ImageObject\",\"inLanguage\":\"es\",\"@id\":\"https:\/\/360haarlemtours.com\/es\/#\/schema\/logo\/image\/\",\"url\":\"https:\/\/360haarlemtours.com\/wp-content\/uploads\/2023\/04\/cropped-Logo-badge-1.png\",\"contentUrl\":\"https:\/\/360haarlemtours.com\/wp-content\/uploads\/2023\/04\/cropped-Logo-badge-1.png\",\"width\":512,\"height\":512,\"caption\":\"360 Haarlem Tours\"},\"image\":{\"@id\":\"https:\/\/360haarlemtours.com\/es\/#\/schema\/logo\/image\/\"}}]}<\/script>\n<!-- \/ Yoast SEO plugin. -->","yoast_head_json":{"title":"Contacto con nosotros - 360 Haarlem Tours","description":"D\u00edganos qu\u00e9 le gustar\u00eda hacer en Haarlem, estaremos encantados de ayudarle.","robots":{"index":"index","follow":"follow","max-snippet":"max-snippet:-1","max-image-preview":"max-image-preview:large","max-video-preview":"max-video-preview:-1"},"canonical":"https:\/\/360haarlemtours.com\/es\/contacto-con-nosotros\/","og_locale":"es_ES","og_type":"article","og_title":"Contacto con nosotros - 360 Haarlem Tours","og_description":"D\u00edganos qu\u00e9 le gustar\u00eda hacer en Haarlem, estaremos encantados de ayudarle.","og_url":"https:\/\/360haarlemtours.com\/es\/contacto-con-nosotros\/","og_site_name":"360 Haarlem Tours","article_modified_time":"2023-05-26T06:44:04+00:00","og_image":[{"width":512,"height":512,"url":"https:\/\/360haarlemtours.com\/wp-content\/uploads\/2023\/04\/cropped-Logo-badge-1.png","type":"image\/png"}],"twitter_card":"summary_large_image","twitter_misc":{"Tiempo de lectura":"1 minuto"},"schema":{"@context":"https:\/\/schema.org","@graph":[{"@type":"WebPage","@id":"https:\/\/360haarlemtours.com\/es\/contacto-con-nosotros\/","url":"https:\/\/360haarlemtours.com\/es\/contacto-con-nosotros\/","name":"Contacto con nosotros - 360 Haarlem Tours","isPartOf":{"@id":"https:\/\/360haarlemtours.com\/es\/#website"},"primaryImageOfPage":{"@id":"https:\/\/360haarlemtours.com\/es\/contacto-con-nosotros\/#primaryimage"},"image":{"@id":"https:\/\/360haarlemtours.com\/es\/contacto-con-nosotros\/#primaryimage"},"thumbnailUrl":"https:\/\/360haarlemtours.com\/wp-content\/uploads\/2023\/04\/cropped-Logo-badge-1.png","datePublished":"2023-05-01T08:19:34+00:00","dateModified":"2023-05-26T06:44:04+00:00","description":"D\u00edganos qu\u00e9 le gustar\u00eda hacer en Haarlem, estaremos encantados de ayudarle.","breadcrumb":{"@id":"https:\/\/360haarlemtours.com\/es\/contacto-con-nosotros\/#breadcrumb"},"inLanguage":"es","potentialAction":[{"@type":"ReadAction","target":["https:\/\/360haarlemtours.com\/es\/contacto-con-nosotros\/"]}]},{"@type":"ImageObject","inLanguage":"es","@id":"https:\/\/360haarlemtours.com\/es\/contacto-con-nosotros\/#primaryimage","url":"https:\/\/360haarlemtours.com\/wp-content\/uploads\/2023\/04\/cropped-Logo-badge-1.png","contentUrl":"https:\/\/360haarlemtours.com\/wp-content\/uploads\/2023\/04\/cropped-Logo-badge-1.png","width":512,"height":512},{"@type":"BreadcrumbList","@id":"https:\/\/360haarlemtours.com\/es\/contacto-con-nosotros\/#breadcrumb","itemListElement":[{"@type":"ListItem","position":1,"name":"Home","item":"https:\/\/360haarlemtours.com\/es\/"},{"@type":"ListItem","position":2,"name":"Contacto con nosotros"}]},{"@type":"WebSite","@id":"https:\/\/360haarlemtours.com\/es\/#website","url":"https:\/\/360haarlemtours.com\/es\/","name":"360 Haarlem Tours","description":"Best Walking City Tours | Food Tours | Activities","publisher":{"@id":"https:\/\/360haarlemtours.com\/es\/#organization"},"potentialAction":[{"@type":"SearchAction","target":{"@type":"EntryPoint","urlTemplate":"https:\/\/360haarlemtours.com\/es\/?s={search_term_string}"},"query-input":{"@type":"PropertyValueSpecification","valueRequired":true,"valueName":"search_term_string"}}],"inLanguage":"es"},{"@type":"Organization","@id":"https:\/\/360haarlemtours.com\/es\/#organization","name":"360 Haarlem Tours","url":"https:\/\/360haarlemtours.com\/es\/","logo":{"@type":"ImageObject","inLanguage":"es","@id":"https:\/\/360haarlemtours.com\/es\/#\/schema\/logo\/image\/","url":"https:\/\/360haarlemtours.com\/wp-content\/uploads\/2023\/04\/cropped-Logo-badge-1.png","contentUrl":"https:\/\/360haarlemtours.com\/wp-content\/uploads\/2023\/04\/cropped-Logo-badge-1.png","width":512,"height":512,"caption":"360 Haarlem Tours"},"image":{"@id":"https:\/\/360haarlemtours.com\/es\/#\/schema\/logo\/image\/"}}]}},"_links":{"self":[{"href":"https:\/\/360haarlemtours.com\/es\/wp-json\/wp\/v2\/pages\/431","targetHints":{"allow":["GET"]}}],"collection":[{"href":"https:\/\/360haarlemtours.com\/es\/wp-json\/wp\/v2\/pages"}],"about":[{"href":"https:\/\/360haarlemtours.com\/es\/wp-json\/wp\/v2\/types\/page"}],"author":[{"embeddable":true,"href":"https:\/\/360haarlemtours.com\/es\/wp-json\/wp\/v2\/users\/1"}],"replies":[{"embeddable":true,"href":"https:\/\/360haarlemtours.com\/es\/wp-json\/wp\/v2\/comments?post=431"}],"version-history":[{"count":2,"href":"https:\/\/360haarlemtours.com\/es\/wp-json\/wp\/v2\/pages\/431\/revisions"}],"predecessor-version":[{"id":433,"href":"https:\/\/360haarlemtours.com\/es\/wp-json\/wp\/v2\/pages\/431\/revisions\/433"}],"wp:featuredmedia":[{"embeddable":true,"href":"https:\/\/360haarlemtours.com\/es\/wp-json\/wp\/v2\/media\/355"}],"wp:attachment":[{"href":"https:\/\/360haarlemtours.com\/es\/wp-json\/wp\/v2\/media?parent=431"}],"curies":[{"name":"wp","href":"https:\/\/api.w.org\/{rel}","templated":true}]}}