{"id":1666,"date":"2023-05-01T10:21:30","date_gmt":"2023-05-01T08:21:30","guid":{"rendered":"https:\/\/360haarlemtours.com\/personnalisez-votre-visite-privee\/"},"modified":"2024-09-12T11:59:41","modified_gmt":"2024-09-12T09:59:41","slug":"personnalisez-votre-visite-privee","status":"publish","type":"page","link":"https:\/\/360haarlemtours.com\/fr\/personnalisez-votre-visite-privee\/","title":{"rendered":"Personnalisez votre visite priv\u00e9e"},"content":{"rendered":"<p>[et_pb_section fb_built=\u00a0\u00bb1&Prime; disabled_on=\u00a0\u00bboff|off|off\u00a0\u00bb _builder_version=\u00a0\u00bb4.19.5&Prime; custom_padding=\u00a0\u00bb17px|||||\u00a0\u00bb global_colors_info=\u00a0\u00bb{}\u00a0\u00bb][et_pb_row column_structure=\u00a0\u00bb3_5,2_5&Prime; use_custom_gutter=\u00a0\u00bbon\u00a0\u00bb _builder_version=\u00a0\u00bb4.19.5&Prime; width=\u00a0\u00bb100%\u00a0\u00bb custom_margin=\u00a0\u00bb||||false|false\u00a0\u00bb custom_margin_tablet=\u00a0\u00bb||||false|false\u00a0\u00bb custom_margin_phone=\u00a0\u00bb||||false|false\u00a0\u00bb custom_margin_last_edited=\u00a0\u00bbon|phone\u00a0\u00bb global_colors_info=\u00a0\u00bb{}\u00a0\u00bb][et_pb_column type=\u00a0\u00bb3_5&Prime; _builder_version=\u00a0\u00bb4.16&Prime; custom_padding=\u00a0\u00bb|||\u00a0\u00bb global_colors_info=\u00a0\u00bb{}\u00a0\u00bb custom_padding__hover=\u00a0\u00bb|||\u00a0\u00bb][et_pb_text _builder_version=\u00a0\u00bb4.27.0&Prime; _module_preset=\u00a0\u00bbdefault\u00a0\u00bb header_3_font=\u00a0\u00bbOpen Sans|600|||||||\u00a0\u00bb custom_margin=\u00a0\u00bb|||40px|false|false\u00a0\u00bb hover_enabled=\u00a0\u00bb0&Prime; global_colors_info=\u00a0\u00bb{}\u00a0\u00bb theme_builder_area=\u00a0\u00bbpost_content\u00a0\u00bb sticky_enabled=\u00a0\u00bb0&Prime;]<\/p>\n<h3>PERSONNALISEZ VOTRE VISITE<\/h3>\n<p>[\/et_pb_text][wpforms_selector form_id=\u00a0\u00bb118&Prime; show_title=\u00a0\u00bboff\u00a0\u00bb _builder_version=\u00a0\u00bb4.27.0&Prime; _module_preset=\u00a0\u00bbdefault\u00a0\u00bb width=\u00a0\u00bb100%\u00a0\u00bb custom_margin_tablet=\u00a0\u00bb\u00a0\u00bb custom_margin_phone=\u00a0\u00bb||||false|false\u00a0\u00bb custom_margin_last_edited=\u00a0\u00bbon|phone\u00a0\u00bb custom_padding=\u00a0\u00bb|40px||40px|false|true\u00a0\u00bb hover_enabled=\u00a0\u00bb0&Prime; global_colors_info=\u00a0\u00bb{}\u00a0\u00bb sticky_enabled=\u00a0\u00bb0&Prime;][\/wpforms_selector][\/et_pb_column][et_pb_column type=\u00a0\u00bb2_5&Prime; _builder_version=\u00a0\u00bb4.19.5&Prime; _module_preset=\u00a0\u00bbdefault\u00a0\u00bb global_colors_info=\u00a0\u00bb{}\u00a0\u00bb][et_pb_image src=\u00a0\u00bbhttps:\/\/360haarlemtours.com\/wp-content\/uploads\/2023\/04\/Dutch-house-2.png\u00a0\u00bb title_text=\u00a0\u00bbMaison hollandaise 2&Prime; disabled_on=\u00a0\u00bbon|on|off\u00a0\u00bb _builder_version=\u00a0\u00bb4.19.5&Prime; _module_preset=\u00a0\u00bbdefault\u00a0\u00bb global_colors_info=\u00a0\u00bb{}\u00a0\u00bb][\/et_pb_image][\/et_pb_column][\/et_pb_row][\/et_pb_section]<\/p>\n","protected":false},"excerpt":{"rendered":"<p>PERSONNALISEZ VOTRE VISITE<div class=\"et_pb_module wpforms_selector wpforms_selector_0\">\n\t\t\t\t\n\t\t\t\t\n\t\t\t\t\n\t\t\t\t\n\t\t\t\t\n\t\t\t\t\n\t\t\t\t<div class=\"et_pb_module_inner\">\n\t\t\t\t\t<style id=\"wpforms-css-vars-118\">\n\t\t\t\t#wpforms-118 {\n\t\t\t\t\n\t\t\t}\n\t\t\t<\/style><div class=\"wpforms-container wpforms-container-full wpforms-render-modern\" id=\"wpforms-118\"><form id=\"wpforms-form-118\" class=\"wpforms-validate wpforms-form wpforms-ajax-form\" data-formid=\"118\" method=\"post\" enctype=\"multipart\/form-data\" action=\"\/fr\/wp-json\/wp\/v2\/pages\/1666\" data-token=\"86509223f23b0a3e350271c1d70e0d23\" data-token-time=\"1776379068\"><noscript class=\"wpforms-error-noscript\">Veuillez activer JavaScript dans votre navigateur pour remplir ce formulaire.<\/noscript><div id=\"wpforms-error-noscript\" style=\"display: none;\">Veuillez activer JavaScript dans votre navigateur pour remplir ce formulaire.<\/div><div class=\"wpforms-field-container\"><div id=\"wpforms-118-field_1-container\" class=\"wpforms-field wpforms-field-name\" data-field-id=\"1\"><fieldset><legend class=\"wpforms-field-label\">Name <span class=\"wpforms-required-label\" aria-hidden=\"true\">*<\/span><\/legend><div class=\"wpforms-field-row wpforms-field-medium\"><div class=\"wpforms-field-row-block wpforms-first wpforms-one-half\"><input type=\"text\" id=\"wpforms-118-field_1\" class=\"wpforms-field-name-first wpforms-field-required\" name=\"wpforms[fields][1][first]\" aria-errormessage=\"wpforms-118-field_1-error\" required><label for=\"wpforms-118-field_1\" class=\"wpforms-field-sublabel after\">Pr\u00e9nom<\/label><\/div><div class=\"wpforms-field-row-block wpforms-one-half\"><input type=\"text\" id=\"wpforms-118-field_1-last\" class=\"wpforms-field-name-last wpforms-field-required\" name=\"wpforms[fields][1][last]\" aria-errormessage=\"wpforms-118-field_1-last-error\" required><label for=\"wpforms-118-field_1-last\" class=\"wpforms-field-sublabel after\">Nom<\/label><\/div><\/div><\/fieldset><\/div><div id=\"wpforms-118-field_2-container\" class=\"wpforms-field wpforms-field-email\" data-field-id=\"2\"><label class=\"wpforms-field-label\" for=\"wpforms-118-field_2\">Email <span class=\"wpforms-required-label\" aria-hidden=\"true\">*<\/span><\/label><input type=\"email\" id=\"wpforms-118-field_2\" class=\"wpforms-field-medium wpforms-field-required\" name=\"wpforms[fields][2]\" spellcheck=\"false\" aria-errormessage=\"wpforms-118-field_2-error\" required><\/div><div id=\"wpforms-118-field_4-container\" class=\"wpforms-field wpforms-field-text\" data-field-id=\"4\"><label class=\"wpforms-field-label\" for=\"wpforms-118-field_4\">Preferred date(s) <span class=\"wpforms-required-label\" aria-hidden=\"true\">*<\/span><\/label><input type=\"text\" id=\"wpforms-118-field_4\" class=\"wpforms-field-medium wpforms-field-required\" name=\"wpforms[fields][4]\" aria-errormessage=\"wpforms-118-field_4-error\" aria-describedby=\"wpforms-118-field_4-description\" required><div id=\"wpforms-118-field_4-description\" class=\"wpforms-field-description\">DD-MM-YYYY<\/div><\/div><div id=\"wpforms-118-field_5-container\" class=\"wpforms-field wpforms-field-select wpforms-field-select-style-classic\" data-field-id=\"5\"><label class=\"wpforms-field-label\" for=\"wpforms-118-field_5\">Preferred Language <span class=\"wpforms-required-label\" aria-hidden=\"true\">*<\/span><\/label><select id=\"wpforms-118-field_5\" class=\"wpforms-field-medium wpforms-field-required\" name=\"wpforms[fields][5]\" required=\"required\"><option value=\"English\"  class=\"choice-1 depth-1\"  >English<\/option><option value=\"Dutch\"  class=\"choice-2 depth-1\"  >Dutch<\/option><option value=\"Spanish\"  class=\"choice-3 depth-1\"  >Spanish<\/option><option value=\"German\"  class=\"choice-6 depth-1\"  >German<\/option><option value=\"French \"  class=\"choice-5 depth-1\"  >French<\/option><option value=\"Italian\"  class=\"choice-4 depth-1\"  >Italian<\/option><option value=\"Portuguese\"  class=\"choice-7 depth-1\"  >Portuguese<\/option><\/select><\/div><div id=\"wpforms-118-field_6-container\" class=\"wpforms-field wpforms-field-select wpforms-field-select-style-classic\" data-field-id=\"6\"><label class=\"wpforms-field-label\" for=\"wpforms-118-field_6\">Preferred Time <span class=\"wpforms-required-label\" aria-hidden=\"true\">*<\/span><\/label><select id=\"wpforms-118-field_6\" class=\"wpforms-field-medium wpforms-field-required\" name=\"wpforms[fields][6]\" required=\"required\"><option value=\"9AM\"  class=\"choice-1 depth-1\"  >9AM<\/option><option value=\"10AM\"  class=\"choice-2 depth-1\"  >10AM<\/option><option value=\"11AM\"  class=\"choice-3 depth-1\"  >11AM<\/option><option value=\"12AM\"  class=\"choice-9 depth-1\"  >12AM<\/option><option value=\"1PM\"  class=\"choice-8 depth-1\"  >1PM<\/option><option value=\"2PM\"  class=\"choice-7 depth-1\"  >2PM<\/option><option value=\"3PM\"  class=\"choice-6 depth-1\"  >3PM<\/option><option value=\"4PM\"  class=\"choice-5 depth-1\"  >4PM<\/option><option value=\"5PM\"  class=\"choice-4 depth-1\"  >5PM<\/option><option value=\"6PM\"  class=\"choice-11 depth-1\"  >6PM<\/option><option value=\"7PM\"  class=\"choice-10 depth-1\"  >7PM<\/option><option value=\"8PM\"  class=\"choice-12 depth-1\"  >8PM<\/option><\/select><\/div><div id=\"wpforms-118-field_7-container\" class=\"wpforms-field wpforms-field-select wpforms-field-select-style-classic\" data-field-id=\"7\"><label class=\"wpforms-field-label\" for=\"wpforms-118-field_7\">Preferred Duration <span class=\"wpforms-required-label\" aria-hidden=\"true\">*<\/span><\/label><select id=\"wpforms-118-field_7\" class=\"wpforms-field-medium wpforms-field-required\" name=\"wpforms[fields][7]\" required=\"required\"><option value=\"1h\"  class=\"choice-1 depth-1\"  >1h<\/option><option value=\"2h\"  class=\"choice-2 depth-1\"  >2h<\/option><option value=\"3h\"  class=\"choice-3 depth-1\"  >3h<\/option><option value=\"4h\"  class=\"choice-8 depth-1\"  >4h<\/option><option value=\"5h\"  class=\"choice-7 depth-1\"  >5h<\/option><option value=\"6h\"  class=\"choice-6 depth-1\"  >6h<\/option><option value=\"7h\"  class=\"choice-5 depth-1\"  >7h<\/option><option value=\"8h\"  class=\"choice-4 depth-1\"  >8h<\/option><option value=\"9h\"  class=\"choice-10 depth-1\"  >9h<\/option><option value=\"10h\"  class=\"choice-9 depth-1\"  >10h<\/option><\/select><\/div><div id=\"wpforms-118-field_9-container\" class=\"wpforms-field wpforms-field-text\" data-field-id=\"9\"><label class=\"wpforms-field-label\" for=\"wpforms-118-field_9\">Number of Participants <span class=\"wpforms-required-label\" aria-hidden=\"true\">*<\/span><\/label><input type=\"text\" id=\"wpforms-118-field_9\" class=\"wpforms-field-medium wpforms-field-required\" name=\"wpforms[fields][9]\" aria-errormessage=\"wpforms-118-field_9-error\" required><\/div><div id=\"wpforms-118-field_10-container\" class=\"wpforms-field wpforms-field-textarea\" data-field-id=\"10\"><label class=\"wpforms-field-label\" for=\"wpforms-118-field_10\">Message <span class=\"wpforms-required-label\" aria-hidden=\"true\">*<\/span><\/label><textarea id=\"wpforms-118-field_10\" class=\"wpforms-field-medium wpforms-field-required\" name=\"wpforms[fields][10]\" aria-errormessage=\"wpforms-118-field_10-error\" required><\/textarea><\/div><\/div><!-- .wpforms-field-container --><div class=\"wpforms-recaptcha-container wpforms-is-recaptcha wpforms-is-recaptcha-type-v3\" ><input type=\"hidden\" name=\"wpforms[recaptcha]\" value=\"\"><\/div><div class=\"wpforms-submit-container\" ><input type=\"hidden\" name=\"wpforms[id]\" value=\"118\"><input type=\"hidden\" name=\"page_title\" value=\"\"><input type=\"hidden\" name=\"page_url\" value=\"https:\/\/360haarlemtours.com\/fr\/wp-json\/wp\/v2\/pages\/1666\"><input type=\"hidden\" name=\"url_referer\" value=\"\"><button type=\"submit\" name=\"wpforms[submit]\" id=\"wpforms-submit-118\" class=\"wpforms-submit\" data-alt-text=\"Sending...\" data-submit-text=\"SEND\" aria-live=\"assertive\" value=\"wpforms-submit\">SEND<\/button><img loading=\"lazy\" decoding=\"async\" src=\"https:\/\/360haarlemtours.com\/wp-content\/plugins\/wpforms-lite\/assets\/images\/submit-spin.svg\" class=\"wpforms-submit-spinner\" style=\"display: none;\" width=\"26\" height=\"26\" alt=\"Chargement en cours\"><\/div><\/form><\/div>  <!-- .wpforms-container -->\n\t\t\t\t<\/div>\n\t\t\t<\/div><\/p>\n","protected":false},"author":1,"featured_media":1667,"parent":0,"menu_order":0,"comment_status":"closed","ping_status":"closed","template":"","meta":{"_et_pb_use_builder":"on","_et_pb_old_content":"","_et_gb_content_width":"","_uf_show_specific_survey":0,"_uf_disable_surveys":false,"footnotes":""},"class_list":["post-1666","page","type-page","status-publish","has-post-thumbnail","hentry"],"yoast_head":"<!-- This site is optimized with the Yoast SEO plugin v27.2 - https:\/\/yoast.com\/product\/yoast-seo-wordpress\/ -->\n<title>Promenades \u00e0 pied personnalis\u00e9es \u00e0 Haarlem - Contactez-nous<\/title>\n<meta name=\"description\" content=\"Nous nous ferons un plaisir de vous donner des id\u00e9es pour que vous profitiez au mieux de votre visite \u00e0 Haarlem. Nous proposons des visites \u00e0 pied et des visites gastronomiques...\" \/>\n<meta name=\"robots\" content=\"index, follow, max-snippet:-1, max-image-preview:large, max-video-preview:-1\" \/>\n<link rel=\"canonical\" href=\"https:\/\/360haarlemtours.com\/fr\/personnalisez-votre-visite-privee\/\" \/>\n<meta property=\"og:locale\" content=\"fr_FR\" \/>\n<meta property=\"og:type\" content=\"article\" \/>\n<meta property=\"og:title\" content=\"Promenades \u00e0 pied personnalis\u00e9es \u00e0 Haarlem - Contactez-nous\" \/>\n<meta property=\"og:description\" content=\"Nous nous ferons un plaisir de vous donner des id\u00e9es pour que vous profitiez au mieux de votre visite \u00e0 Haarlem. Nous proposons des visites \u00e0 pied et des visites gastronomiques...\" \/>\n<meta property=\"og:url\" content=\"https:\/\/360haarlemtours.com\/fr\/personnalisez-votre-visite-privee\/\" \/>\n<meta property=\"og:site_name\" content=\"360 Haarlem Tours\" \/>\n<meta property=\"article:modified_time\" content=\"2024-09-12T09:59:41+00:00\" \/>\n<meta property=\"og:image\" content=\"https:\/\/360haarlemtours.com\/wp-content\/uploads\/2023\/05\/Haarlem_NL_HP.jpg\" \/>\n\t<meta property=\"og:image:width\" content=\"350\" \/>\n\t<meta property=\"og:image:height\" content=\"245\" \/>\n\t<meta property=\"og:image:type\" content=\"image\/jpeg\" \/>\n<meta name=\"twitter:card\" content=\"summary_large_image\" \/>\n<meta name=\"twitter:label1\" content=\"Dur\u00e9e de lecture estim\u00e9e\" \/>\n\t<meta name=\"twitter:data1\" content=\"1 minute\" \/>\n<script type=\"application\/ld+json\" class=\"yoast-schema-graph\">{\"@context\":\"https:\/\/schema.org\",\"@graph\":[{\"@type\":\"WebPage\",\"@id\":\"https:\/\/360haarlemtours.com\/fr\/personnalisez-votre-visite-privee\/\",\"url\":\"https:\/\/360haarlemtours.com\/fr\/personnalisez-votre-visite-privee\/\",\"name\":\"Promenades \u00e0 pied personnalis\u00e9es \u00e0 Haarlem - Contactez-nous\",\"isPartOf\":{\"@id\":\"https:\/\/360haarlemtours.com\/fr\/#website\"},\"primaryImageOfPage\":{\"@id\":\"https:\/\/360haarlemtours.com\/fr\/personnalisez-votre-visite-privee\/#primaryimage\"},\"image\":{\"@id\":\"https:\/\/360haarlemtours.com\/fr\/personnalisez-votre-visite-privee\/#primaryimage\"},\"thumbnailUrl\":\"https:\/\/360haarlemtours.com\/wp-content\/uploads\/2023\/05\/Haarlem_NL_HP.jpg\",\"datePublished\":\"2023-05-01T08:21:30+00:00\",\"dateModified\":\"2024-09-12T09:59:41+00:00\",\"description\":\"Nous nous ferons un plaisir de vous donner des id\u00e9es pour que vous profitiez au mieux de votre visite \u00e0 Haarlem. Nous proposons des visites \u00e0 pied et des visites gastronomiques...\",\"breadcrumb\":{\"@id\":\"https:\/\/360haarlemtours.com\/fr\/personnalisez-votre-visite-privee\/#breadcrumb\"},\"inLanguage\":\"fr-FR\",\"potentialAction\":[{\"@type\":\"ReadAction\",\"target\":[\"https:\/\/360haarlemtours.com\/fr\/personnalisez-votre-visite-privee\/\"]}]},{\"@type\":\"ImageObject\",\"inLanguage\":\"fr-FR\",\"@id\":\"https:\/\/360haarlemtours.com\/fr\/personnalisez-votre-visite-privee\/#primaryimage\",\"url\":\"https:\/\/360haarlemtours.com\/wp-content\/uploads\/2023\/05\/Haarlem_NL_HP.jpg\",\"contentUrl\":\"https:\/\/360haarlemtours.com\/wp-content\/uploads\/2023\/05\/Haarlem_NL_HP.jpg\",\"width\":350,\"height\":245},{\"@type\":\"BreadcrumbList\",\"@id\":\"https:\/\/360haarlemtours.com\/fr\/personnalisez-votre-visite-privee\/#breadcrumb\",\"itemListElement\":[{\"@type\":\"ListItem\",\"position\":1,\"name\":\"Home\",\"item\":\"https:\/\/360haarlemtours.com\/fr\/\"},{\"@type\":\"ListItem\",\"position\":2,\"name\":\"Personnalisez votre visite priv\u00e9e\"}]},{\"@type\":\"WebSite\",\"@id\":\"https:\/\/360haarlemtours.com\/fr\/#website\",\"url\":\"https:\/\/360haarlemtours.com\/fr\/\",\"name\":\"360 Haarlem Tours\",\"description\":\"Best Walking City Tours | Food Tours | Activities\",\"publisher\":{\"@id\":\"https:\/\/360haarlemtours.com\/fr\/#organization\"},\"potentialAction\":[{\"@type\":\"SearchAction\",\"target\":{\"@type\":\"EntryPoint\",\"urlTemplate\":\"https:\/\/360haarlemtours.com\/fr\/?s={search_term_string}\"},\"query-input\":{\"@type\":\"PropertyValueSpecification\",\"valueRequired\":true,\"valueName\":\"search_term_string\"}}],\"inLanguage\":\"fr-FR\"},{\"@type\":\"Organization\",\"@id\":\"https:\/\/360haarlemtours.com\/fr\/#organization\",\"name\":\"360 Haarlem Tours\",\"url\":\"https:\/\/360haarlemtours.com\/fr\/\",\"logo\":{\"@type\":\"ImageObject\",\"inLanguage\":\"fr-FR\",\"@id\":\"https:\/\/360haarlemtours.com\/fr\/#\/schema\/logo\/image\/\",\"url\":\"https:\/\/360haarlemtours.com\/wp-content\/uploads\/2023\/04\/cropped-Logo-badge-1.png\",\"contentUrl\":\"https:\/\/360haarlemtours.com\/wp-content\/uploads\/2023\/04\/cropped-Logo-badge-1.png\",\"width\":512,\"height\":512,\"caption\":\"360 Haarlem Tours\"},\"image\":{\"@id\":\"https:\/\/360haarlemtours.com\/fr\/#\/schema\/logo\/image\/\"}}]}<\/script>\n<!-- \/ Yoast SEO plugin. -->","yoast_head_json":{"title":"Promenades \u00e0 pied personnalis\u00e9es \u00e0 Haarlem - Contactez-nous","description":"Nous nous ferons un plaisir de vous donner des id\u00e9es pour que vous profitiez au mieux de votre visite \u00e0 Haarlem. Nous proposons des visites \u00e0 pied et des visites gastronomiques...","robots":{"index":"index","follow":"follow","max-snippet":"max-snippet:-1","max-image-preview":"max-image-preview:large","max-video-preview":"max-video-preview:-1"},"canonical":"https:\/\/360haarlemtours.com\/fr\/personnalisez-votre-visite-privee\/","og_locale":"fr_FR","og_type":"article","og_title":"Promenades \u00e0 pied personnalis\u00e9es \u00e0 Haarlem - Contactez-nous","og_description":"Nous nous ferons un plaisir de vous donner des id\u00e9es pour que vous profitiez au mieux de votre visite \u00e0 Haarlem. Nous proposons des visites \u00e0 pied et des visites gastronomiques...","og_url":"https:\/\/360haarlemtours.com\/fr\/personnalisez-votre-visite-privee\/","og_site_name":"360 Haarlem Tours","article_modified_time":"2024-09-12T09:59:41+00:00","og_image":[{"width":350,"height":245,"url":"https:\/\/360haarlemtours.com\/wp-content\/uploads\/2023\/05\/Haarlem_NL_HP.jpg","type":"image\/jpeg"}],"twitter_card":"summary_large_image","twitter_misc":{"Dur\u00e9e de lecture estim\u00e9e":"1 minute"},"schema":{"@context":"https:\/\/schema.org","@graph":[{"@type":"WebPage","@id":"https:\/\/360haarlemtours.com\/fr\/personnalisez-votre-visite-privee\/","url":"https:\/\/360haarlemtours.com\/fr\/personnalisez-votre-visite-privee\/","name":"Promenades \u00e0 pied personnalis\u00e9es \u00e0 Haarlem - Contactez-nous","isPartOf":{"@id":"https:\/\/360haarlemtours.com\/fr\/#website"},"primaryImageOfPage":{"@id":"https:\/\/360haarlemtours.com\/fr\/personnalisez-votre-visite-privee\/#primaryimage"},"image":{"@id":"https:\/\/360haarlemtours.com\/fr\/personnalisez-votre-visite-privee\/#primaryimage"},"thumbnailUrl":"https:\/\/360haarlemtours.com\/wp-content\/uploads\/2023\/05\/Haarlem_NL_HP.jpg","datePublished":"2023-05-01T08:21:30+00:00","dateModified":"2024-09-12T09:59:41+00:00","description":"Nous nous ferons un plaisir de vous donner des id\u00e9es pour que vous profitiez au mieux de votre visite \u00e0 Haarlem. Nous proposons des visites \u00e0 pied et des visites gastronomiques...","breadcrumb":{"@id":"https:\/\/360haarlemtours.com\/fr\/personnalisez-votre-visite-privee\/#breadcrumb"},"inLanguage":"fr-FR","potentialAction":[{"@type":"ReadAction","target":["https:\/\/360haarlemtours.com\/fr\/personnalisez-votre-visite-privee\/"]}]},{"@type":"ImageObject","inLanguage":"fr-FR","@id":"https:\/\/360haarlemtours.com\/fr\/personnalisez-votre-visite-privee\/#primaryimage","url":"https:\/\/360haarlemtours.com\/wp-content\/uploads\/2023\/05\/Haarlem_NL_HP.jpg","contentUrl":"https:\/\/360haarlemtours.com\/wp-content\/uploads\/2023\/05\/Haarlem_NL_HP.jpg","width":350,"height":245},{"@type":"BreadcrumbList","@id":"https:\/\/360haarlemtours.com\/fr\/personnalisez-votre-visite-privee\/#breadcrumb","itemListElement":[{"@type":"ListItem","position":1,"name":"Home","item":"https:\/\/360haarlemtours.com\/fr\/"},{"@type":"ListItem","position":2,"name":"Personnalisez votre visite priv\u00e9e"}]},{"@type":"WebSite","@id":"https:\/\/360haarlemtours.com\/fr\/#website","url":"https:\/\/360haarlemtours.com\/fr\/","name":"360 Haarlem Tours","description":"Best Walking City Tours | Food Tours | Activities","publisher":{"@id":"https:\/\/360haarlemtours.com\/fr\/#organization"},"potentialAction":[{"@type":"SearchAction","target":{"@type":"EntryPoint","urlTemplate":"https:\/\/360haarlemtours.com\/fr\/?s={search_term_string}"},"query-input":{"@type":"PropertyValueSpecification","valueRequired":true,"valueName":"search_term_string"}}],"inLanguage":"fr-FR"},{"@type":"Organization","@id":"https:\/\/360haarlemtours.com\/fr\/#organization","name":"360 Haarlem Tours","url":"https:\/\/360haarlemtours.com\/fr\/","logo":{"@type":"ImageObject","inLanguage":"fr-FR","@id":"https:\/\/360haarlemtours.com\/fr\/#\/schema\/logo\/image\/","url":"https:\/\/360haarlemtours.com\/wp-content\/uploads\/2023\/04\/cropped-Logo-badge-1.png","contentUrl":"https:\/\/360haarlemtours.com\/wp-content\/uploads\/2023\/04\/cropped-Logo-badge-1.png","width":512,"height":512,"caption":"360 Haarlem Tours"},"image":{"@id":"https:\/\/360haarlemtours.com\/fr\/#\/schema\/logo\/image\/"}}]}},"_links":{"self":[{"href":"https:\/\/360haarlemtours.com\/fr\/wp-json\/wp\/v2\/pages\/1666","targetHints":{"allow":["GET"]}}],"collection":[{"href":"https:\/\/360haarlemtours.com\/fr\/wp-json\/wp\/v2\/pages"}],"about":[{"href":"https:\/\/360haarlemtours.com\/fr\/wp-json\/wp\/v2\/types\/page"}],"author":[{"embeddable":true,"href":"https:\/\/360haarlemtours.com\/fr\/wp-json\/wp\/v2\/users\/1"}],"replies":[{"embeddable":true,"href":"https:\/\/360haarlemtours.com\/fr\/wp-json\/wp\/v2\/comments?post=1666"}],"version-history":[{"count":7,"href":"https:\/\/360haarlemtours.com\/fr\/wp-json\/wp\/v2\/pages\/1666\/revisions"}],"predecessor-version":[{"id":3820,"href":"https:\/\/360haarlemtours.com\/fr\/wp-json\/wp\/v2\/pages\/1666\/revisions\/3820"}],"wp:featuredmedia":[{"embeddable":true,"href":"https:\/\/360haarlemtours.com\/fr\/wp-json\/wp\/v2\/media\/1667"}],"wp:attachment":[{"href":"https:\/\/360haarlemtours.com\/fr\/wp-json\/wp\/v2\/media?parent=1666"}],"curies":[{"name":"wp","href":"https:\/\/api.w.org\/{rel}","templated":true}]}}