{"id":2198,"date":"2023-07-13T17:03:24","date_gmt":"2023-07-13T15:03:24","guid":{"rendered":"https:\/\/360haarlemtours.com\/blogs\/"},"modified":"2024-07-29T15:38:55","modified_gmt":"2024-07-29T13:38:55","slug":"blogs","status":"publish","type":"page","link":"https:\/\/360haarlemtours.com\/fr\/blogs\/","title":{"rendered":"Blogs"},"content":{"rendered":"<p>[et_pb_section fb_built=\u00a0\u00bb1&Prime; disabled_on=\u00a0\u00bbon|off|off\u00a0\u00bb admin_label=\u00a0\u00bbHeader Desktop\u00a0\u00bb _builder_version=\u00a0\u00bb4.21.0&Prime; background_image=\u00a0\u00bbhttps:\/\/360haarlemtours.com\/wp-content\/uploads\/2023\/07\/Grote-Kerk-St-Bavo-Church-Haarlem-Netherlands-blogs.jpg\u00a0\u00bb global_colors_info=\u00a0\u00bb{}\u00a0\u00bb][et_pb_row _builder_version=\u00a0\u00bb4.16&Prime; custom_padding=\u00a0\u00bb150px||150px||true|\u00a0\u00bb global_colors_info=\u00a0\u00bb{}\u00a0\u00bb][et_pb_column type=\u00a0\u00bb4_4&Prime; _builder_version=\u00a0\u00bb4.16&Prime; custom_padding=\u00a0\u00bb|||\u00a0\u00bb global_colors_info=\u00a0\u00bb{}\u00a0\u00bb custom_padding__hover=\u00a0\u00bb|||\u00a0\u00bb][et_pb_text _builder_version=\u00a0\u00bb4.26.1&Prime; header_font=\u00a0\u00bb|600|||||||\u00a0\u00bb header_font_size=\u00a0\u00bb65px\u00a0\u00bb hover_enabled=\u00a0\u00bb0&Prime; global_colors_info=\u00a0\u00bb{}\u00a0\u00bb sticky_enabled=\u00a0\u00bb0&Prime;]<\/p>\n<h1 style=\"text-align: center;\"><span style=\"color: #ffffff;\">Blogs<\/span><\/h1>\n<p>[\/et_pb_text][\/et_pb_column][\/et_pb_row][\/et_pb_section][et_pb_section fb_built=\u00a0\u00bb1&Prime; disabled_on=\u00a0\u00bboff|on|on\u00a0\u00bb admin_label=\u00a0\u00bbHeader Mobile\u00a0\u00bb _builder_version=\u00a0\u00bb4.21.0&Prime; background_image=\u00a0\u00bbhttps:\/\/360haarlemtours.com\/wp-content\/uploads\/2023\/07\/Grote-Kerk-St-Bavo-Church-Haarlem-Netherlands-blogs-mobile.jpg\u00a0\u00bb custom_padding=\u00a0\u00bb|8px||||\u00a0\u00bb global_colors_info=\u00a0\u00bb{}\u00a0\u00bb][et_pb_row _builder_version=\u00a0\u00bb4.16&Prime; custom_padding=\u00a0\u00bb150px||150px||true|\u00a0\u00bb global_colors_info=\u00a0\u00bb{}\u00a0\u00bb][et_pb_column type=\u00a0\u00bb4_4&Prime; _builder_version=\u00a0\u00bb4.16&Prime; custom_padding=\u00a0\u00bb|||\u00a0\u00bb global_colors_info=\u00a0\u00bb{}\u00a0\u00bb custom_padding__hover=\u00a0\u00bb|||\u00a0\u00bb][et_pb_text _builder_version=\u00a0\u00bb4.26.1&Prime; text_font=\u00a0\u00bb||||||||\u00a0\u00bb text_text_color=\u00a0\u00bb#FFFFFF\u00a0\u00bb header_font=\u00a0\u00bb|600|||||||\u00a0\u00bb header_text_align=\u00a0\u00bbcenter\u00a0\u00bb header_text_color=\u00a0\u00bb#FFFFFF\u00a0\u00bb header_font_size=\u00a0\u00bb40px\u00a0\u00bb text_orientation=\u00a0\u00bbcenter\u00a0\u00bb hover_enabled=\u00a0\u00bb0&Prime; text_text_align=\u00a0\u00bbcenter\u00a0\u00bb global_colors_info=\u00a0\u00bb{}\u00a0\u00bb sticky_enabled=\u00a0\u00bb0&Prime;]<\/p>\n<h1>Blogs<\/h1>\n<p>[\/et_pb_text][\/et_pb_column][\/et_pb_row][\/et_pb_section][et_pb_section fb_built=\u00a0\u00bb1&Prime; _builder_version=\u00a0\u00bb4.16&Prime; custom_padding=\u00a0\u00bb17px|||||\u00a0\u00bb z_index_tablet=\u00a0\u00bb500&Prime; box_shadow_horizontal_tablet=\u00a0\u00bb0px\u00a0\u00bb box_shadow_vertical_tablet=\u00a0\u00bb0px\u00a0\u00bb box_shadow_blur_tablet=\u00a0\u00bb40px\u00a0\u00bb box_shadow_spread_tablet=\u00a0\u00bb0px\u00a0\u00bb saved_tabs=\u00a0\u00bball\u00a0\u00bb global_colors_info=\u00a0\u00bb{}\u00a0\u00bb][et_pb_row _builder_version=\u00a0\u00bb4.16&Prime; min_height=\u00a0\u00bb155px\u00a0\u00bb custom_margin=\u00a0\u00bb|auto|-70px|auto|false|false\u00a0\u00bb custom_padding=\u00a0\u00bb||0px||false|false\u00a0\u00bb global_colors_info=\u00a0\u00bb{}\u00a0\u00bb][et_pb_column type=\u00a0\u00bb4_4&Prime; _builder_version=\u00a0\u00bb4.16&Prime; custom_padding=\u00a0\u00bb|||\u00a0\u00bb global_colors_info=\u00a0\u00bb{}\u00a0\u00bb custom_padding__hover=\u00a0\u00bb|||\u00a0\u00bb][et_pb_search placeholder=\u00a0\u00bbRecherche de blogs\u00a0\u00bb button_color=\u00a0\u00bb#f37e2b\u00a0\u00bb _builder_version=\u00a0\u00bb4.16&Prime; button_text_color=\u00a0\u00bb#ffffff\u00a0\u00bb global_colors_info=\u00a0\u00bb{}\u00a0\u00bb][\/et_pb_search][\/et_pb_column][\/et_pb_row][et_pb_row _builder_version=\u00a0\u00bb4.16&Prime; min_height=\u00a0\u00bb155px\u00a0\u00bb custom_margin=\u00a0\u00bb|auto|-1px|auto||\u00a0\u00bb global_colors_info=\u00a0\u00bb{}\u00a0\u00bb][et_pb_column type=\u00a0\u00bb4_4&Prime; _builder_version=\u00a0\u00bb4.16&Prime; custom_padding=\u00a0\u00bb|||\u00a0\u00bb global_colors_info=\u00a0\u00bb{}\u00a0\u00bb custom_padding__hover=\u00a0\u00bb|||\u00a0\u00bb][et_pb_blog fullwidth=\u00a0\u00bboff\u00a0\u00bb posts_number=\u00a0\u00bb6&Prime; include_categories=\u00a0\u00bb75&Prime; meta_date=\u00a0\u00bbM, Y\u00a0\u00bb show_more=\u00a0\u00bbon\u00a0\u00bb show_author=\u00a0\u00bboff\u00a0\u00bb _builder_version=\u00a0\u00bb4.21.0&Prime; header_font=\u00a0\u00bb|600|||||||\u00a0\u00bb header_font_size=\u00a0\u00bb18px\u00a0\u00bb meta_font=\u00a0\u00bb||||||||\u00a0\u00bb read_more_font=\u00a0\u00bb|600|||||||\u00a0\u00bb read_more_text_color=\u00a0\u00bb#ff6600&Prime; border_width_all_image=\u00a0\u00bb20px\u00a0\u00bb border_color_all_image=\u00a0\u00bb#ffffff\u00a0\u00bb box_shadow_style=\u00a0\u00bbpreset1&Prime; global_colors_info=\u00a0\u00bb{}\u00a0\u00bb][\/et_pb_blog][\/et_pb_column][\/et_pb_row][\/et_pb_section]<\/p>\n","protected":false},"excerpt":{"rendered":"<p>BlogsBlogs<\/p>\n","protected":false},"author":1,"featured_media":2187,"parent":0,"menu_order":0,"comment_status":"closed","ping_status":"closed","template":"","meta":{"_et_pb_use_builder":"on","_et_pb_old_content":"","_et_gb_content_width":"","_uf_show_specific_survey":0,"_uf_disable_surveys":false,"footnotes":""},"class_list":["post-2198","page","type-page","status-publish","has-post-thumbnail","hentry"],"yoast_head":"<!-- This site is optimized with the Yoast SEO plugin v27.5 - https:\/\/yoast.com\/product\/yoast-seo-wordpress\/ -->\n<title>Blogs - 360 Haarlem Tours<\/title>\n<meta name=\"description\" content=\"Informations int\u00e9ressantes sur Haarlem, les choses \u00e0 faire, les lieux \u00e0 visiter et les meilleurs conseils pour les restaurants et les activit\u00e9s...\" \/>\n<meta name=\"robots\" content=\"index, follow, max-snippet:-1, max-image-preview:large, max-video-preview:-1\" \/>\n<link rel=\"canonical\" href=\"https:\/\/360haarlemtours.com\/fr\/blogs\/\" \/>\n<meta property=\"og:locale\" content=\"fr_FR\" \/>\n<meta property=\"og:type\" content=\"article\" \/>\n<meta property=\"og:title\" content=\"Blogs - 360 Haarlem Tours\" \/>\n<meta property=\"og:description\" content=\"Informations int\u00e9ressantes sur Haarlem, les choses \u00e0 faire, les lieux \u00e0 visiter et les meilleurs conseils pour les restaurants et les activit\u00e9s...\" \/>\n<meta property=\"og:url\" content=\"https:\/\/360haarlemtours.com\/fr\/blogs\/\" \/>\n<meta property=\"og:site_name\" content=\"360 Haarlem Tours\" \/>\n<meta property=\"article:modified_time\" content=\"2024-07-29T13:38:55+00:00\" \/>\n<meta property=\"og:image\" content=\"https:\/\/360haarlemtours.com\/wp-content\/uploads\/2023\/07\/Things-to-do-in-Haarlem-Netherlands-blogpage.jpg\" \/>\n\t<meta property=\"og:image:width\" content=\"1024\" \/>\n\t<meta property=\"og:image:height\" content=\"640\" \/>\n\t<meta property=\"og:image:type\" content=\"image\/jpeg\" \/>\n<meta name=\"twitter:card\" content=\"summary_large_image\" \/>\n<meta name=\"twitter:label1\" content=\"Dur\u00e9e de lecture estim\u00e9e\" \/>\n\t<meta name=\"twitter:data1\" content=\"2 minutes\" \/>\n<script type=\"application\/ld+json\" class=\"yoast-schema-graph\">{\"@context\":\"https:\\\/\\\/schema.org\",\"@graph\":[{\"@type\":\"WebPage\",\"@id\":\"https:\\\/\\\/360haarlemtours.com\\\/fr\\\/blogs\\\/\",\"url\":\"https:\\\/\\\/360haarlemtours.com\\\/fr\\\/blogs\\\/\",\"name\":\"Blogs - 360 Haarlem Tours\",\"isPartOf\":{\"@id\":\"https:\\\/\\\/360haarlemtours.com\\\/fr\\\/#website\"},\"primaryImageOfPage\":{\"@id\":\"https:\\\/\\\/360haarlemtours.com\\\/fr\\\/blogs\\\/#primaryimage\"},\"image\":{\"@id\":\"https:\\\/\\\/360haarlemtours.com\\\/fr\\\/blogs\\\/#primaryimage\"},\"thumbnailUrl\":\"https:\\\/\\\/360haarlemtours.com\\\/wp-content\\\/uploads\\\/2023\\\/07\\\/Things-to-do-in-Haarlem-Netherlands-blogpage.jpg\",\"datePublished\":\"2023-07-13T15:03:24+00:00\",\"dateModified\":\"2024-07-29T13:38:55+00:00\",\"description\":\"Informations int\u00e9ressantes sur Haarlem, les choses \u00e0 faire, les lieux \u00e0 visiter et les meilleurs conseils pour les restaurants et les activit\u00e9s...\",\"breadcrumb\":{\"@id\":\"https:\\\/\\\/360haarlemtours.com\\\/fr\\\/blogs\\\/#breadcrumb\"},\"inLanguage\":\"fr-FR\",\"potentialAction\":[{\"@type\":\"ReadAction\",\"target\":[\"https:\\\/\\\/360haarlemtours.com\\\/fr\\\/blogs\\\/\"]}]},{\"@type\":\"ImageObject\",\"inLanguage\":\"fr-FR\",\"@id\":\"https:\\\/\\\/360haarlemtours.com\\\/fr\\\/blogs\\\/#primaryimage\",\"url\":\"https:\\\/\\\/360haarlemtours.com\\\/wp-content\\\/uploads\\\/2023\\\/07\\\/Things-to-do-in-Haarlem-Netherlands-blogpage.jpg\",\"contentUrl\":\"https:\\\/\\\/360haarlemtours.com\\\/wp-content\\\/uploads\\\/2023\\\/07\\\/Things-to-do-in-Haarlem-Netherlands-blogpage.jpg\",\"width\":1024,\"height\":640},{\"@type\":\"BreadcrumbList\",\"@id\":\"https:\\\/\\\/360haarlemtours.com\\\/fr\\\/blogs\\\/#breadcrumb\",\"itemListElement\":[{\"@type\":\"ListItem\",\"position\":1,\"name\":\"Home\",\"item\":\"https:\\\/\\\/360haarlemtours.com\\\/fr\\\/\"},{\"@type\":\"ListItem\",\"position\":2,\"name\":\"Blogs\"}]},{\"@type\":\"WebSite\",\"@id\":\"https:\\\/\\\/360haarlemtours.com\\\/fr\\\/#website\",\"url\":\"https:\\\/\\\/360haarlemtours.com\\\/fr\\\/\",\"name\":\"360 Haarlem Tours\",\"description\":\"Best Walking City Tours | Food Tours | Activities\",\"publisher\":{\"@id\":\"https:\\\/\\\/360haarlemtours.com\\\/fr\\\/#organization\"},\"potentialAction\":[{\"@type\":\"SearchAction\",\"target\":{\"@type\":\"EntryPoint\",\"urlTemplate\":\"https:\\\/\\\/360haarlemtours.com\\\/fr\\\/?s={search_term_string}\"},\"query-input\":{\"@type\":\"PropertyValueSpecification\",\"valueRequired\":true,\"valueName\":\"search_term_string\"}}],\"inLanguage\":\"fr-FR\"},{\"@type\":\"Organization\",\"@id\":\"https:\\\/\\\/360haarlemtours.com\\\/fr\\\/#organization\",\"name\":\"360 Haarlem Tours\",\"url\":\"https:\\\/\\\/360haarlemtours.com\\\/fr\\\/\",\"logo\":{\"@type\":\"ImageObject\",\"inLanguage\":\"fr-FR\",\"@id\":\"https:\\\/\\\/360haarlemtours.com\\\/fr\\\/#\\\/schema\\\/logo\\\/image\\\/\",\"url\":\"https:\\\/\\\/360haarlemtours.com\\\/wp-content\\\/uploads\\\/2023\\\/04\\\/cropped-Logo-badge-1.png\",\"contentUrl\":\"https:\\\/\\\/360haarlemtours.com\\\/wp-content\\\/uploads\\\/2023\\\/04\\\/cropped-Logo-badge-1.png\",\"width\":512,\"height\":512,\"caption\":\"360 Haarlem Tours\"},\"image\":{\"@id\":\"https:\\\/\\\/360haarlemtours.com\\\/fr\\\/#\\\/schema\\\/logo\\\/image\\\/\"}}]}<\/script>\n<!-- \/ Yoast SEO plugin. -->","yoast_head_json":{"title":"Blogs - 360 Haarlem Tours","description":"Informations int\u00e9ressantes sur Haarlem, les choses \u00e0 faire, les lieux \u00e0 visiter et les meilleurs conseils pour les restaurants et les activit\u00e9s...","robots":{"index":"index","follow":"follow","max-snippet":"max-snippet:-1","max-image-preview":"max-image-preview:large","max-video-preview":"max-video-preview:-1"},"canonical":"https:\/\/360haarlemtours.com\/fr\/blogs\/","og_locale":"fr_FR","og_type":"article","og_title":"Blogs - 360 Haarlem Tours","og_description":"Informations int\u00e9ressantes sur Haarlem, les choses \u00e0 faire, les lieux \u00e0 visiter et les meilleurs conseils pour les restaurants et les activit\u00e9s...","og_url":"https:\/\/360haarlemtours.com\/fr\/blogs\/","og_site_name":"360 Haarlem Tours","article_modified_time":"2024-07-29T13:38:55+00:00","og_image":[{"width":1024,"height":640,"url":"https:\/\/360haarlemtours.com\/wp-content\/uploads\/2023\/07\/Things-to-do-in-Haarlem-Netherlands-blogpage.jpg","type":"image\/jpeg"}],"twitter_card":"summary_large_image","twitter_misc":{"Dur\u00e9e de lecture estim\u00e9e":"2 minutes"},"schema":{"@context":"https:\/\/schema.org","@graph":[{"@type":"WebPage","@id":"https:\/\/360haarlemtours.com\/fr\/blogs\/","url":"https:\/\/360haarlemtours.com\/fr\/blogs\/","name":"Blogs - 360 Haarlem Tours","isPartOf":{"@id":"https:\/\/360haarlemtours.com\/fr\/#website"},"primaryImageOfPage":{"@id":"https:\/\/360haarlemtours.com\/fr\/blogs\/#primaryimage"},"image":{"@id":"https:\/\/360haarlemtours.com\/fr\/blogs\/#primaryimage"},"thumbnailUrl":"https:\/\/360haarlemtours.com\/wp-content\/uploads\/2023\/07\/Things-to-do-in-Haarlem-Netherlands-blogpage.jpg","datePublished":"2023-07-13T15:03:24+00:00","dateModified":"2024-07-29T13:38:55+00:00","description":"Informations int\u00e9ressantes sur Haarlem, les choses \u00e0 faire, les lieux \u00e0 visiter et les meilleurs conseils pour les restaurants et les activit\u00e9s...","breadcrumb":{"@id":"https:\/\/360haarlemtours.com\/fr\/blogs\/#breadcrumb"},"inLanguage":"fr-FR","potentialAction":[{"@type":"ReadAction","target":["https:\/\/360haarlemtours.com\/fr\/blogs\/"]}]},{"@type":"ImageObject","inLanguage":"fr-FR","@id":"https:\/\/360haarlemtours.com\/fr\/blogs\/#primaryimage","url":"https:\/\/360haarlemtours.com\/wp-content\/uploads\/2023\/07\/Things-to-do-in-Haarlem-Netherlands-blogpage.jpg","contentUrl":"https:\/\/360haarlemtours.com\/wp-content\/uploads\/2023\/07\/Things-to-do-in-Haarlem-Netherlands-blogpage.jpg","width":1024,"height":640},{"@type":"BreadcrumbList","@id":"https:\/\/360haarlemtours.com\/fr\/blogs\/#breadcrumb","itemListElement":[{"@type":"ListItem","position":1,"name":"Home","item":"https:\/\/360haarlemtours.com\/fr\/"},{"@type":"ListItem","position":2,"name":"Blogs"}]},{"@type":"WebSite","@id":"https:\/\/360haarlemtours.com\/fr\/#website","url":"https:\/\/360haarlemtours.com\/fr\/","name":"360 Haarlem Tours","description":"Best Walking City Tours | Food Tours | Activities","publisher":{"@id":"https:\/\/360haarlemtours.com\/fr\/#organization"},"potentialAction":[{"@type":"SearchAction","target":{"@type":"EntryPoint","urlTemplate":"https:\/\/360haarlemtours.com\/fr\/?s={search_term_string}"},"query-input":{"@type":"PropertyValueSpecification","valueRequired":true,"valueName":"search_term_string"}}],"inLanguage":"fr-FR"},{"@type":"Organization","@id":"https:\/\/360haarlemtours.com\/fr\/#organization","name":"360 Haarlem Tours","url":"https:\/\/360haarlemtours.com\/fr\/","logo":{"@type":"ImageObject","inLanguage":"fr-FR","@id":"https:\/\/360haarlemtours.com\/fr\/#\/schema\/logo\/image\/","url":"https:\/\/360haarlemtours.com\/wp-content\/uploads\/2023\/04\/cropped-Logo-badge-1.png","contentUrl":"https:\/\/360haarlemtours.com\/wp-content\/uploads\/2023\/04\/cropped-Logo-badge-1.png","width":512,"height":512,"caption":"360 Haarlem Tours"},"image":{"@id":"https:\/\/360haarlemtours.com\/fr\/#\/schema\/logo\/image\/"}}]}},"_links":{"self":[{"href":"https:\/\/360haarlemtours.com\/fr\/wp-json\/wp\/v2\/pages\/2198","targetHints":{"allow":["GET"]}}],"collection":[{"href":"https:\/\/360haarlemtours.com\/fr\/wp-json\/wp\/v2\/pages"}],"about":[{"href":"https:\/\/360haarlemtours.com\/fr\/wp-json\/wp\/v2\/types\/page"}],"author":[{"embeddable":true,"href":"https:\/\/360haarlemtours.com\/fr\/wp-json\/wp\/v2\/users\/1"}],"replies":[{"embeddable":true,"href":"https:\/\/360haarlemtours.com\/fr\/wp-json\/wp\/v2\/comments?post=2198"}],"version-history":[{"count":13,"href":"https:\/\/360haarlemtours.com\/fr\/wp-json\/wp\/v2\/pages\/2198\/revisions"}],"predecessor-version":[{"id":3590,"href":"https:\/\/360haarlemtours.com\/fr\/wp-json\/wp\/v2\/pages\/2198\/revisions\/3590"}],"wp:featuredmedia":[{"embeddable":true,"href":"https:\/\/360haarlemtours.com\/fr\/wp-json\/wp\/v2\/media\/2187"}],"wp:attachment":[{"href":"https:\/\/360haarlemtours.com\/fr\/wp-json\/wp\/v2\/media?parent=2198"}],"curies":[{"name":"wp","href":"https:\/\/api.w.org\/{rel}","templated":true}]}}