{"id":414,"date":"2023-05-01T10:21:30","date_gmt":"2023-05-01T08:21:30","guid":{"rendered":"https:\/\/360haarlemtours.com\/personalize-a-sua-excursao-privada\/"},"modified":"2024-09-12T11:54:12","modified_gmt":"2024-09-12T09:54:12","slug":"personalize-a-sua-excursao-privada","status":"publish","type":"page","link":"https:\/\/360haarlemtours.com\/pt-pt\/personalize-a-sua-excursao-privada\/","title":{"rendered":"Personaliza a tua visita privada"},"content":{"rendered":"<p>[et_pb_section fb_built=&#8221;1&#8243; disabled_on=&#8221;off|off|off&#8221; _builder_version=&#8221;4.19.5&#8243; custom_padding=&#8221;17px|||||&#8221; global_colors_info=&#8221;{}&#8221;][et_pb_row column_structure=&#8221;3_5,2_5&#8243; use_custom_gutter=&#8221;on&#8221; _builder_version=&#8221;4.19.5&#8243; width=&#8221;100%&#8221; custom_margin=&#8221;||||false|false&#8221; custom_margin_tablet=&#8221;||||false|false&#8221; custom_margin_phone=&#8221;||||false|false&#8221; custom_margin_last_edited=&#8221;on|phone&#8221; global_colors_info=&#8221;{}&#8221;][et_pb_column type=&#8221;3_5&#8243; _builder_version=&#8221;4.16&#8243; custom_padding=&#8221;|||&#8221; global_colors_info=&#8221;{}&#8221; custom_padding__hover=&#8221;|||&#8221;][et_pb_text _builder_version=&#8221;4.27.0&#8243; _module_preset=&#8221;default&#8221; header_3_font=&#8221;Open Sans|600|||||||&#8221; custom_margin=&#8221;|||40px|false|false&#8221; hover_enabled=&#8221;0&#8243; global_colors_info=&#8221;{}&#8221; theme_builder_area=&#8221;post_content&#8221; sticky_enabled=&#8221;0&#8243;]<\/p>\n<h3>PERSONALIZE A SUA VISITA<\/h3>\n<p>[\/et_pb_text][wpforms_selector form_id=&#8221;118&#8243; show_title=&#8221;off&#8221; _builder_version=&#8221;4.27.0&#8243; _module_preset=&#8221;default&#8221; width=&#8221;100%&#8221; custom_margin_tablet=&#8221;&#8221; custom_margin_phone=&#8221;||||false|false&#8221; custom_margin_last_edited=&#8221;on|phone&#8221; custom_padding=&#8221;|40px||40px|false|true&#8221; hover_enabled=&#8221;0&#8243; global_colors_info=&#8221;{}&#8221; sticky_enabled=&#8221;0&#8243;][\/wpforms_selector][\/et_pb_column][et_pb_column type=&#8221;2_5&#8243; _builder_version=&#8221;4.19.5&#8243; _module_preset=&#8221;default&#8221; global_colors_info=&#8221;{}&#8221;][et_pb_image src=&#8221;https:\/\/360haarlemtours.com\/wp-content\/uploads\/2023\/04\/Dutch-house-2.png&#8221; title_text=&#8221;Casa holandesa 2&#8243; disabled_on=&#8221;on|on|off&#8221; _builder_version=&#8221;4.19.5&#8243; _module_preset=&#8221;default&#8221; global_colors_info=&#8221;{}&#8221;][\/et_pb_image][\/et_pb_column][\/et_pb_row][\/et_pb_section]<\/p>\n","protected":false},"excerpt":{"rendered":"<p>PERSONALIZE A SUA VISITA<div class=\"et_pb_module wpforms_selector wpforms_selector_0\">\n\t\t\t\t\n\t\t\t\t\n\t\t\t\t\n\t\t\t\t\n\t\t\t\t\n\t\t\t\t\n\t\t\t\t<div class=\"et_pb_module_inner\">\n\t\t\t\t\t<style id=\"wpforms-css-vars-118\">\n\t\t\t\t#wpforms-118 {\n\t\t\t\t\n\t\t\t}\n\t\t\t<\/style><div class=\"wpforms-container wpforms-container-full wpforms-render-modern\" id=\"wpforms-118\"><form id=\"wpforms-form-118\" class=\"wpforms-validate wpforms-form wpforms-ajax-form\" data-formid=\"118\" method=\"post\" enctype=\"multipart\/form-data\" action=\"\/pt-pt\/wp-json\/wp\/v2\/pages\/414\" data-token=\"86509223f23b0a3e350271c1d70e0d23\" data-token-time=\"1776319696\"><noscript class=\"wpforms-error-noscript\">Please enable JavaScript in your browser to complete this form.<\/noscript><div id=\"wpforms-error-noscript\" style=\"display: none;\">Please enable JavaScript in your browser to complete this form.<\/div><div class=\"wpforms-field-container\"><div id=\"wpforms-118-field_1-container\" class=\"wpforms-field wpforms-field-name\" data-field-id=\"1\"><fieldset><legend class=\"wpforms-field-label\">Name <span class=\"wpforms-required-label\" aria-hidden=\"true\">*<\/span><\/legend><div class=\"wpforms-field-row wpforms-field-medium\"><div class=\"wpforms-field-row-block wpforms-first wpforms-one-half\"><input type=\"text\" id=\"wpforms-118-field_1\" class=\"wpforms-field-name-first wpforms-field-required\" name=\"wpforms[fields][1][first]\" aria-errormessage=\"wpforms-118-field_1-error\" required><label for=\"wpforms-118-field_1\" class=\"wpforms-field-sublabel after\">First<\/label><\/div><div class=\"wpforms-field-row-block wpforms-one-half\"><input type=\"text\" id=\"wpforms-118-field_1-last\" class=\"wpforms-field-name-last wpforms-field-required\" name=\"wpforms[fields][1][last]\" aria-errormessage=\"wpforms-118-field_1-last-error\" required><label for=\"wpforms-118-field_1-last\" class=\"wpforms-field-sublabel after\">Last<\/label><\/div><\/div><\/fieldset><\/div><div id=\"wpforms-118-field_2-container\" class=\"wpforms-field wpforms-field-email\" data-field-id=\"2\"><label class=\"wpforms-field-label\" for=\"wpforms-118-field_2\">Email <span class=\"wpforms-required-label\" aria-hidden=\"true\">*<\/span><\/label><input type=\"email\" id=\"wpforms-118-field_2\" class=\"wpforms-field-medium wpforms-field-required\" name=\"wpforms[fields][2]\" spellcheck=\"false\" aria-errormessage=\"wpforms-118-field_2-error\" required><\/div><div id=\"wpforms-118-field_4-container\" class=\"wpforms-field wpforms-field-text\" data-field-id=\"4\"><label class=\"wpforms-field-label\" for=\"wpforms-118-field_4\">Preferred date(s) <span class=\"wpforms-required-label\" aria-hidden=\"true\">*<\/span><\/label><input type=\"text\" id=\"wpforms-118-field_4\" class=\"wpforms-field-medium wpforms-field-required\" name=\"wpforms[fields][4]\" aria-errormessage=\"wpforms-118-field_4-error\" aria-describedby=\"wpforms-118-field_4-description\" required><div id=\"wpforms-118-field_4-description\" class=\"wpforms-field-description\">DD-MM-YYYY<\/div><\/div><div id=\"wpforms-118-field_5-container\" class=\"wpforms-field wpforms-field-select wpforms-field-select-style-classic\" data-field-id=\"5\"><label class=\"wpforms-field-label\" for=\"wpforms-118-field_5\">Preferred Language <span class=\"wpforms-required-label\" aria-hidden=\"true\">*<\/span><\/label><select id=\"wpforms-118-field_5\" class=\"wpforms-field-medium wpforms-field-required\" name=\"wpforms[fields][5]\" required=\"required\"><option value=\"English\"  class=\"choice-1 depth-1\"  >English<\/option><option value=\"Dutch\"  class=\"choice-2 depth-1\"  >Dutch<\/option><option value=\"Spanish\"  class=\"choice-3 depth-1\"  >Spanish<\/option><option value=\"German\"  class=\"choice-6 depth-1\"  >German<\/option><option value=\"French \"  class=\"choice-5 depth-1\"  >French<\/option><option value=\"Italian\"  class=\"choice-4 depth-1\"  >Italian<\/option><option value=\"Portuguese\"  class=\"choice-7 depth-1\"  >Portuguese<\/option><\/select><\/div><div id=\"wpforms-118-field_6-container\" class=\"wpforms-field wpforms-field-select wpforms-field-select-style-classic\" data-field-id=\"6\"><label class=\"wpforms-field-label\" for=\"wpforms-118-field_6\">Preferred Time <span class=\"wpforms-required-label\" aria-hidden=\"true\">*<\/span><\/label><select id=\"wpforms-118-field_6\" class=\"wpforms-field-medium wpforms-field-required\" name=\"wpforms[fields][6]\" required=\"required\"><option value=\"9AM\"  class=\"choice-1 depth-1\"  >9AM<\/option><option value=\"10AM\"  class=\"choice-2 depth-1\"  >10AM<\/option><option value=\"11AM\"  class=\"choice-3 depth-1\"  >11AM<\/option><option value=\"12AM\"  class=\"choice-9 depth-1\"  >12AM<\/option><option value=\"1PM\"  class=\"choice-8 depth-1\"  >1PM<\/option><option value=\"2PM\"  class=\"choice-7 depth-1\"  >2PM<\/option><option value=\"3PM\"  class=\"choice-6 depth-1\"  >3PM<\/option><option value=\"4PM\"  class=\"choice-5 depth-1\"  >4PM<\/option><option value=\"5PM\"  class=\"choice-4 depth-1\"  >5PM<\/option><option value=\"6PM\"  class=\"choice-11 depth-1\"  >6PM<\/option><option value=\"7PM\"  class=\"choice-10 depth-1\"  >7PM<\/option><option value=\"8PM\"  class=\"choice-12 depth-1\"  >8PM<\/option><\/select><\/div><div id=\"wpforms-118-field_7-container\" class=\"wpforms-field wpforms-field-select wpforms-field-select-style-classic\" data-field-id=\"7\"><label class=\"wpforms-field-label\" for=\"wpforms-118-field_7\">Preferred Duration <span class=\"wpforms-required-label\" aria-hidden=\"true\">*<\/span><\/label><select id=\"wpforms-118-field_7\" class=\"wpforms-field-medium wpforms-field-required\" name=\"wpforms[fields][7]\" required=\"required\"><option value=\"1h\"  class=\"choice-1 depth-1\"  >1h<\/option><option value=\"2h\"  class=\"choice-2 depth-1\"  >2h<\/option><option value=\"3h\"  class=\"choice-3 depth-1\"  >3h<\/option><option value=\"4h\"  class=\"choice-8 depth-1\"  >4h<\/option><option value=\"5h\"  class=\"choice-7 depth-1\"  >5h<\/option><option value=\"6h\"  class=\"choice-6 depth-1\"  >6h<\/option><option value=\"7h\"  class=\"choice-5 depth-1\"  >7h<\/option><option value=\"8h\"  class=\"choice-4 depth-1\"  >8h<\/option><option value=\"9h\"  class=\"choice-10 depth-1\"  >9h<\/option><option value=\"10h\"  class=\"choice-9 depth-1\"  >10h<\/option><\/select><\/div><div id=\"wpforms-118-field_9-container\" class=\"wpforms-field wpforms-field-text\" data-field-id=\"9\"><label class=\"wpforms-field-label\" for=\"wpforms-118-field_9\">Number of Participants <span class=\"wpforms-required-label\" aria-hidden=\"true\">*<\/span><\/label><input type=\"text\" id=\"wpforms-118-field_9\" class=\"wpforms-field-medium wpforms-field-required\" name=\"wpforms[fields][9]\" aria-errormessage=\"wpforms-118-field_9-error\" required><\/div><div id=\"wpforms-118-field_10-container\" class=\"wpforms-field wpforms-field-textarea\" data-field-id=\"10\"><label class=\"wpforms-field-label\" for=\"wpforms-118-field_10\">Message <span class=\"wpforms-required-label\" aria-hidden=\"true\">*<\/span><\/label><textarea id=\"wpforms-118-field_10\" class=\"wpforms-field-medium wpforms-field-required\" name=\"wpforms[fields][10]\" aria-errormessage=\"wpforms-118-field_10-error\" required><\/textarea><\/div><\/div><!-- .wpforms-field-container --><div class=\"wpforms-recaptcha-container wpforms-is-recaptcha wpforms-is-recaptcha-type-v3\" ><input type=\"hidden\" name=\"wpforms[recaptcha]\" value=\"\"><\/div><div class=\"wpforms-submit-container\" ><input type=\"hidden\" name=\"wpforms[id]\" value=\"118\"><input type=\"hidden\" name=\"page_title\" value=\"\"><input type=\"hidden\" name=\"page_url\" value=\"https:\/\/360haarlemtours.com\/pt-pt\/wp-json\/wp\/v2\/pages\/414\"><input type=\"hidden\" name=\"url_referer\" value=\"\"><button type=\"submit\" name=\"wpforms[submit]\" id=\"wpforms-submit-118\" class=\"wpforms-submit\" data-alt-text=\"Sending...\" data-submit-text=\"SEND\" aria-live=\"assertive\" value=\"wpforms-submit\">SEND<\/button><img loading=\"lazy\" decoding=\"async\" src=\"https:\/\/360haarlemtours.com\/wp-content\/plugins\/wpforms-lite\/assets\/images\/submit-spin.svg\" class=\"wpforms-submit-spinner\" style=\"display: none;\" width=\"26\" height=\"26\" alt=\"Loading\"><\/div><\/form><\/div>  <!-- .wpforms-container -->\n\t\t\t\t<\/div>\n\t\t\t<\/div><\/p>\n","protected":false},"author":1,"featured_media":408,"parent":0,"menu_order":0,"comment_status":"closed","ping_status":"closed","template":"","meta":{"_et_pb_use_builder":"on","_et_pb_old_content":"","_et_gb_content_width":"","_uf_show_specific_survey":0,"_uf_disable_surveys":false,"footnotes":""},"class_list":["post-414","page","type-page","status-publish","has-post-thumbnail","hentry"],"yoast_head":"<!-- This site is optimized with the Yoast SEO plugin v27.2 - https:\/\/yoast.com\/product\/yoast-seo-wordpress\/ -->\n<title>Passeios a p\u00e9 personalizados em Haarlem - Contacta-nos<\/title>\n<meta name=\"description\" content=\"Teremos todo o gosto em dar-te ideias sobre como aproveitar ao m\u00e1ximo o teu tempo durante a tua visita a Haarlem. Temos passeios a p\u00e9 e passeios gastron\u00f3micos...\" \/>\n<meta name=\"robots\" content=\"index, follow, max-snippet:-1, max-image-preview:large, max-video-preview:-1\" \/>\n<link rel=\"canonical\" href=\"https:\/\/360haarlemtours.com\/pt-pt\/personalize-a-sua-excursao-privada\/\" \/>\n<meta property=\"og:locale\" content=\"pt_PT\" \/>\n<meta property=\"og:type\" content=\"article\" \/>\n<meta property=\"og:title\" content=\"Passeios a p\u00e9 personalizados em Haarlem - Contacta-nos\" \/>\n<meta property=\"og:description\" content=\"Teremos todo o gosto em dar-te ideias sobre como aproveitar ao m\u00e1ximo o teu tempo durante a tua visita a Haarlem. Temos passeios a p\u00e9 e passeios gastron\u00f3micos...\" \/>\n<meta property=\"og:url\" content=\"https:\/\/360haarlemtours.com\/pt-pt\/personalize-a-sua-excursao-privada\/\" \/>\n<meta property=\"og:site_name\" content=\"360 Haarlem Tours\" \/>\n<meta property=\"article:modified_time\" content=\"2024-09-12T09:54:12+00:00\" \/>\n<meta property=\"og:image\" content=\"https:\/\/360haarlemtours.com\/wp-content\/uploads\/2023\/05\/Haarlem_NL_HP.jpg\" \/>\n\t<meta property=\"og:image:width\" content=\"350\" \/>\n\t<meta property=\"og:image:height\" content=\"245\" \/>\n\t<meta property=\"og:image:type\" content=\"image\/jpeg\" \/>\n<meta name=\"twitter:card\" content=\"summary_large_image\" \/>\n<meta name=\"twitter:label1\" content=\"Tempo estimado de leitura\" \/>\n\t<meta name=\"twitter:data1\" content=\"1 minuto\" \/>\n<script type=\"application\/ld+json\" class=\"yoast-schema-graph\">{\"@context\":\"https:\/\/schema.org\",\"@graph\":[{\"@type\":\"WebPage\",\"@id\":\"https:\/\/360haarlemtours.com\/pt-pt\/personalize-a-sua-excursao-privada\/\",\"url\":\"https:\/\/360haarlemtours.com\/pt-pt\/personalize-a-sua-excursao-privada\/\",\"name\":\"Passeios a p\u00e9 personalizados em Haarlem - Contacta-nos\",\"isPartOf\":{\"@id\":\"https:\/\/360haarlemtours.com\/pt-pt\/#website\"},\"primaryImageOfPage\":{\"@id\":\"https:\/\/360haarlemtours.com\/pt-pt\/personalize-a-sua-excursao-privada\/#primaryimage\"},\"image\":{\"@id\":\"https:\/\/360haarlemtours.com\/pt-pt\/personalize-a-sua-excursao-privada\/#primaryimage\"},\"thumbnailUrl\":\"https:\/\/360haarlemtours.com\/wp-content\/uploads\/2023\/05\/Haarlem_NL_HP.jpg\",\"datePublished\":\"2023-05-01T08:21:30+00:00\",\"dateModified\":\"2024-09-12T09:54:12+00:00\",\"description\":\"Teremos todo o gosto em dar-te ideias sobre como aproveitar ao m\u00e1ximo o teu tempo durante a tua visita a Haarlem. Temos passeios a p\u00e9 e passeios gastron\u00f3micos...\",\"breadcrumb\":{\"@id\":\"https:\/\/360haarlemtours.com\/pt-pt\/personalize-a-sua-excursao-privada\/#breadcrumb\"},\"inLanguage\":\"pt-PT\",\"potentialAction\":[{\"@type\":\"ReadAction\",\"target\":[\"https:\/\/360haarlemtours.com\/pt-pt\/personalize-a-sua-excursao-privada\/\"]}]},{\"@type\":\"ImageObject\",\"inLanguage\":\"pt-PT\",\"@id\":\"https:\/\/360haarlemtours.com\/pt-pt\/personalize-a-sua-excursao-privada\/#primaryimage\",\"url\":\"https:\/\/360haarlemtours.com\/wp-content\/uploads\/2023\/05\/Haarlem_NL_HP.jpg\",\"contentUrl\":\"https:\/\/360haarlemtours.com\/wp-content\/uploads\/2023\/05\/Haarlem_NL_HP.jpg\",\"width\":350,\"height\":245},{\"@type\":\"BreadcrumbList\",\"@id\":\"https:\/\/360haarlemtours.com\/pt-pt\/personalize-a-sua-excursao-privada\/#breadcrumb\",\"itemListElement\":[{\"@type\":\"ListItem\",\"position\":1,\"name\":\"Home\",\"item\":\"https:\/\/360haarlemtours.com\/pt-pt\/\"},{\"@type\":\"ListItem\",\"position\":2,\"name\":\"Personaliza a tua visita privada\"}]},{\"@type\":\"WebSite\",\"@id\":\"https:\/\/360haarlemtours.com\/pt-pt\/#website\",\"url\":\"https:\/\/360haarlemtours.com\/pt-pt\/\",\"name\":\"360 Haarlem Tours\",\"description\":\"Best Walking City Tours | Food Tours | Activities\",\"publisher\":{\"@id\":\"https:\/\/360haarlemtours.com\/pt-pt\/#organization\"},\"potentialAction\":[{\"@type\":\"SearchAction\",\"target\":{\"@type\":\"EntryPoint\",\"urlTemplate\":\"https:\/\/360haarlemtours.com\/pt-pt\/?s={search_term_string}\"},\"query-input\":{\"@type\":\"PropertyValueSpecification\",\"valueRequired\":true,\"valueName\":\"search_term_string\"}}],\"inLanguage\":\"pt-PT\"},{\"@type\":\"Organization\",\"@id\":\"https:\/\/360haarlemtours.com\/pt-pt\/#organization\",\"name\":\"360 Haarlem Tours\",\"url\":\"https:\/\/360haarlemtours.com\/pt-pt\/\",\"logo\":{\"@type\":\"ImageObject\",\"inLanguage\":\"pt-PT\",\"@id\":\"https:\/\/360haarlemtours.com\/pt-pt\/#\/schema\/logo\/image\/\",\"url\":\"https:\/\/360haarlemtours.com\/wp-content\/uploads\/2023\/04\/cropped-Logo-badge-1.png\",\"contentUrl\":\"https:\/\/360haarlemtours.com\/wp-content\/uploads\/2023\/04\/cropped-Logo-badge-1.png\",\"width\":512,\"height\":512,\"caption\":\"360 Haarlem Tours\"},\"image\":{\"@id\":\"https:\/\/360haarlemtours.com\/pt-pt\/#\/schema\/logo\/image\/\"}}]}<\/script>\n<!-- \/ Yoast SEO plugin. -->","yoast_head_json":{"title":"Passeios a p\u00e9 personalizados em Haarlem - Contacta-nos","description":"Teremos todo o gosto em dar-te ideias sobre como aproveitar ao m\u00e1ximo o teu tempo durante a tua visita a Haarlem. Temos passeios a p\u00e9 e passeios gastron\u00f3micos...","robots":{"index":"index","follow":"follow","max-snippet":"max-snippet:-1","max-image-preview":"max-image-preview:large","max-video-preview":"max-video-preview:-1"},"canonical":"https:\/\/360haarlemtours.com\/pt-pt\/personalize-a-sua-excursao-privada\/","og_locale":"pt_PT","og_type":"article","og_title":"Passeios a p\u00e9 personalizados em Haarlem - Contacta-nos","og_description":"Teremos todo o gosto em dar-te ideias sobre como aproveitar ao m\u00e1ximo o teu tempo durante a tua visita a Haarlem. Temos passeios a p\u00e9 e passeios gastron\u00f3micos...","og_url":"https:\/\/360haarlemtours.com\/pt-pt\/personalize-a-sua-excursao-privada\/","og_site_name":"360 Haarlem Tours","article_modified_time":"2024-09-12T09:54:12+00:00","og_image":[{"width":350,"height":245,"url":"https:\/\/360haarlemtours.com\/wp-content\/uploads\/2023\/05\/Haarlem_NL_HP.jpg","type":"image\/jpeg"}],"twitter_card":"summary_large_image","twitter_misc":{"Tempo estimado de leitura":"1 minuto"},"schema":{"@context":"https:\/\/schema.org","@graph":[{"@type":"WebPage","@id":"https:\/\/360haarlemtours.com\/pt-pt\/personalize-a-sua-excursao-privada\/","url":"https:\/\/360haarlemtours.com\/pt-pt\/personalize-a-sua-excursao-privada\/","name":"Passeios a p\u00e9 personalizados em Haarlem - Contacta-nos","isPartOf":{"@id":"https:\/\/360haarlemtours.com\/pt-pt\/#website"},"primaryImageOfPage":{"@id":"https:\/\/360haarlemtours.com\/pt-pt\/personalize-a-sua-excursao-privada\/#primaryimage"},"image":{"@id":"https:\/\/360haarlemtours.com\/pt-pt\/personalize-a-sua-excursao-privada\/#primaryimage"},"thumbnailUrl":"https:\/\/360haarlemtours.com\/wp-content\/uploads\/2023\/05\/Haarlem_NL_HP.jpg","datePublished":"2023-05-01T08:21:30+00:00","dateModified":"2024-09-12T09:54:12+00:00","description":"Teremos todo o gosto em dar-te ideias sobre como aproveitar ao m\u00e1ximo o teu tempo durante a tua visita a Haarlem. Temos passeios a p\u00e9 e passeios gastron\u00f3micos...","breadcrumb":{"@id":"https:\/\/360haarlemtours.com\/pt-pt\/personalize-a-sua-excursao-privada\/#breadcrumb"},"inLanguage":"pt-PT","potentialAction":[{"@type":"ReadAction","target":["https:\/\/360haarlemtours.com\/pt-pt\/personalize-a-sua-excursao-privada\/"]}]},{"@type":"ImageObject","inLanguage":"pt-PT","@id":"https:\/\/360haarlemtours.com\/pt-pt\/personalize-a-sua-excursao-privada\/#primaryimage","url":"https:\/\/360haarlemtours.com\/wp-content\/uploads\/2023\/05\/Haarlem_NL_HP.jpg","contentUrl":"https:\/\/360haarlemtours.com\/wp-content\/uploads\/2023\/05\/Haarlem_NL_HP.jpg","width":350,"height":245},{"@type":"BreadcrumbList","@id":"https:\/\/360haarlemtours.com\/pt-pt\/personalize-a-sua-excursao-privada\/#breadcrumb","itemListElement":[{"@type":"ListItem","position":1,"name":"Home","item":"https:\/\/360haarlemtours.com\/pt-pt\/"},{"@type":"ListItem","position":2,"name":"Personaliza a tua visita privada"}]},{"@type":"WebSite","@id":"https:\/\/360haarlemtours.com\/pt-pt\/#website","url":"https:\/\/360haarlemtours.com\/pt-pt\/","name":"360 Haarlem Tours","description":"Best Walking City Tours | Food Tours | Activities","publisher":{"@id":"https:\/\/360haarlemtours.com\/pt-pt\/#organization"},"potentialAction":[{"@type":"SearchAction","target":{"@type":"EntryPoint","urlTemplate":"https:\/\/360haarlemtours.com\/pt-pt\/?s={search_term_string}"},"query-input":{"@type":"PropertyValueSpecification","valueRequired":true,"valueName":"search_term_string"}}],"inLanguage":"pt-PT"},{"@type":"Organization","@id":"https:\/\/360haarlemtours.com\/pt-pt\/#organization","name":"360 Haarlem Tours","url":"https:\/\/360haarlemtours.com\/pt-pt\/","logo":{"@type":"ImageObject","inLanguage":"pt-PT","@id":"https:\/\/360haarlemtours.com\/pt-pt\/#\/schema\/logo\/image\/","url":"https:\/\/360haarlemtours.com\/wp-content\/uploads\/2023\/04\/cropped-Logo-badge-1.png","contentUrl":"https:\/\/360haarlemtours.com\/wp-content\/uploads\/2023\/04\/cropped-Logo-badge-1.png","width":512,"height":512,"caption":"360 Haarlem Tours"},"image":{"@id":"https:\/\/360haarlemtours.com\/pt-pt\/#\/schema\/logo\/image\/"}}]}},"_links":{"self":[{"href":"https:\/\/360haarlemtours.com\/pt-pt\/wp-json\/wp\/v2\/pages\/414","targetHints":{"allow":["GET"]}}],"collection":[{"href":"https:\/\/360haarlemtours.com\/pt-pt\/wp-json\/wp\/v2\/pages"}],"about":[{"href":"https:\/\/360haarlemtours.com\/pt-pt\/wp-json\/wp\/v2\/types\/page"}],"author":[{"embeddable":true,"href":"https:\/\/360haarlemtours.com\/pt-pt\/wp-json\/wp\/v2\/users\/1"}],"replies":[{"embeddable":true,"href":"https:\/\/360haarlemtours.com\/pt-pt\/wp-json\/wp\/v2\/comments?post=414"}],"version-history":[{"count":8,"href":"https:\/\/360haarlemtours.com\/pt-pt\/wp-json\/wp\/v2\/pages\/414\/revisions"}],"predecessor-version":[{"id":3816,"href":"https:\/\/360haarlemtours.com\/pt-pt\/wp-json\/wp\/v2\/pages\/414\/revisions\/3816"}],"wp:featuredmedia":[{"embeddable":true,"href":"https:\/\/360haarlemtours.com\/pt-pt\/wp-json\/wp\/v2\/media\/408"}],"wp:attachment":[{"href":"https:\/\/360haarlemtours.com\/pt-pt\/wp-json\/wp\/v2\/media?parent=414"}],"curies":[{"name":"wp","href":"https:\/\/api.w.org\/{rel}","templated":true}]}}