{"id":415,"date":"2023-04-28T17:58:39","date_gmt":"2023-04-28T15:58:39","guid":{"rendered":"https:\/\/360haarlemtours.com\/sobre-nos\/"},"modified":"2023-07-11T16:51:39","modified_gmt":"2023-07-11T14:51:39","slug":"sobre-nos","status":"publish","type":"page","link":"https:\/\/360haarlemtours.com\/pt-pt\/sobre-nos\/","title":{"rendered":"Sobre n\u00f3s"},"content":{"rendered":"<p>[et_pb_section fb_built=&#8221;1&#8243; disabled_on=&#8221;on|off|off&#8221; admin_label=&#8221;Header Desktop&#8221; _builder_version=&#8221;4.20.2&#8243; background_image=&#8221;https:\/\/360haarlemtours.com\/wp-content\/uploads\/2023\/04\/About-us-desktop.jpg&#8221; background_size=&#8221;contain&#8221; custom_margin=&#8221;||||false|false&#8221; global_colors_info=&#8221;{}&#8221;][et_pb_row _builder_version=&#8221;4.16&#8243; custom_padding=&#8221;150px||150px||true|&#8221; global_colors_info=&#8221;{}&#8221;][et_pb_column type=&#8221;4_4&#8243; _builder_version=&#8221;4.16&#8243; custom_padding=&#8221;|||&#8221; global_colors_info=&#8221;{}&#8221; custom_padding__hover=&#8221;|||&#8221;][et_pb_text admin_label=&#8221;About Us&#8221; _builder_version=&#8221;4.20.2&#8243; text_font=&#8221;||||||||&#8221; text_text_color=&#8221;#FFFFFF&#8221; header_font=&#8221;Lato|700|||||||&#8221; header_text_align=&#8221;center&#8221; header_text_color=&#8221;#FFFFFF&#8221; header_font_size=&#8221;64px&#8221; text_orientation=&#8221;center&#8221; text_text_align=&#8221;center&#8221; global_colors_info=&#8221;{}&#8221;]<\/p>\n<h1>Sobre n\u00f3s<\/h1>\n<p>[\/et_pb_text][\/et_pb_column][\/et_pb_row][\/et_pb_section][et_pb_section fb_built=&#8221;1&#8243; disabled_on=&#8221;off|on|on&#8221; admin_label=&#8221;Header Mobile&#8221; _builder_version=&#8221;4.20.2&#8243; background_image=&#8221;https:\/\/360haarlemtours.com\/wp-content\/uploads\/2023\/04\/about-us-mobile-2.jpg&#8221; background_size=&#8221;custom&#8221; background_image_width=&#8221;100%&#8221; custom_margin=&#8221;||||false|false&#8221; custom_margin_tablet=&#8221;||||false|false&#8221; custom_margin_phone=&#8221;||||false|false&#8221; custom_margin_last_edited=&#8221;on|phone&#8221; custom_padding=&#8221;||||false|false&#8221; global_colors_info=&#8221;{}&#8221;][et_pb_row custom_padding_last_edited=&#8221;on|phone&#8221; _builder_version=&#8221;4.20.2&#8243; custom_padding=&#8221;150px||150px||true|&#8221; custom_padding_tablet=&#8221;150px||150px||true|&#8221; custom_padding_phone=&#8221;0px||0px||true|false&#8221; global_colors_info=&#8221;{}&#8221;][et_pb_column type=&#8221;4_4&#8243; _builder_version=&#8221;4.16&#8243; custom_padding=&#8221;|||&#8221; global_colors_info=&#8221;{}&#8221; custom_padding__hover=&#8221;|||&#8221;][et_pb_text admin_label=&#8221;About Us&#8221; _builder_version=&#8221;4.20.2&#8243; text_text_color=&#8221;#ffffff&#8221; header_font=&#8221;Lato|700|||||||&#8221; header_text_align=&#8221;center&#8221; header_text_color=&#8221;#ffffff&#8221; header_font_size=&#8221;54px&#8221; text_orientation=&#8221;center&#8221; z_index_tablet=&#8221;500&#8243; text_text_shadow_horizontal_length_tablet=&#8221;0px&#8221; text_text_shadow_vertical_length_tablet=&#8221;0px&#8221; text_text_shadow_blur_strength_tablet=&#8221;1px&#8221; link_text_shadow_horizontal_length_tablet=&#8221;0px&#8221; link_text_shadow_vertical_length_tablet=&#8221;0px&#8221; link_text_shadow_blur_strength_tablet=&#8221;1px&#8221; ul_text_shadow_horizontal_length_tablet=&#8221;0px&#8221; ul_text_shadow_vertical_length_tablet=&#8221;0px&#8221; ul_text_shadow_blur_strength_tablet=&#8221;1px&#8221; ol_text_shadow_horizontal_length_tablet=&#8221;0px&#8221; ol_text_shadow_vertical_length_tablet=&#8221;0px&#8221; ol_text_shadow_blur_strength_tablet=&#8221;1px&#8221; quote_text_shadow_horizontal_length_tablet=&#8221;0px&#8221; quote_text_shadow_vertical_length_tablet=&#8221;0px&#8221; quote_text_shadow_blur_strength_tablet=&#8221;1px&#8221; header_text_shadow_horizontal_length_tablet=&#8221;0px&#8221; header_text_shadow_vertical_length_tablet=&#8221;0px&#8221; header_text_shadow_blur_strength_tablet=&#8221;1px&#8221; header_2_text_shadow_horizontal_length_tablet=&#8221;0px&#8221; header_2_text_shadow_vertical_length_tablet=&#8221;0px&#8221; header_2_text_shadow_blur_strength_tablet=&#8221;1px&#8221; header_3_text_shadow_horizontal_length_tablet=&#8221;0px&#8221; header_3_text_shadow_vertical_length_tablet=&#8221;0px&#8221; header_3_text_shadow_blur_strength_tablet=&#8221;1px&#8221; header_4_text_shadow_horizontal_length_tablet=&#8221;0px&#8221; header_4_text_shadow_vertical_length_tablet=&#8221;0px&#8221; header_4_text_shadow_blur_strength_tablet=&#8221;1px&#8221; header_5_text_shadow_horizontal_length_tablet=&#8221;0px&#8221; header_5_text_shadow_vertical_length_tablet=&#8221;0px&#8221; header_5_text_shadow_blur_strength_tablet=&#8221;1px&#8221; header_6_text_shadow_horizontal_length_tablet=&#8221;0px&#8221; header_6_text_shadow_vertical_length_tablet=&#8221;0px&#8221; header_6_text_shadow_blur_strength_tablet=&#8221;1px&#8221; box_shadow_horizontal_tablet=&#8221;0px&#8221; box_shadow_vertical_tablet=&#8221;0px&#8221; box_shadow_blur_tablet=&#8221;40px&#8221; box_shadow_spread_tablet=&#8221;0px&#8221; global_colors_info=&#8221;{}&#8221;]<\/p>\n<h1>Sobre n\u00f3s<\/h1>\n<p>[\/et_pb_text][\/et_pb_column][\/et_pb_row][\/et_pb_section][et_pb_section fb_built=&#8221;1&#8243; custom_padding_last_edited=&#8221;on|phone&#8221; admin_label=&#8221;About Us Content&#8221; _builder_version=&#8221;4.20.2&#8243; custom_padding=&#8221;0px||0px||true&#8221; custom_padding_tablet=&#8221;0px||0px||true&#8221; custom_padding_phone=&#8221;0px||0px||true|false&#8221; global_colors_info=&#8221;{}&#8221;][et_pb_row column_structure=&#8221;3_4,1_4&#8243; _builder_version=&#8221;4.16&#8243; global_colors_info=&#8221;{}&#8221;][et_pb_column type=&#8221;3_4&#8243; _builder_version=&#8221;4.16&#8243; custom_padding=&#8221;|||&#8221; global_colors_info=&#8221;{}&#8221; custom_padding__hover=&#8221;|||&#8221;][et_pb_text admin_label=&#8221; Text About Us&#8221; _builder_version=&#8221;4.20.4&#8243; text_font=&#8221;Lato||||||||&#8221; text_font_size=&#8221;16px&#8221; custom_margin_tablet=&#8221;&#8221; custom_margin_phone=&#8221;||||false|false&#8221; custom_margin_last_edited=&#8221;on|phone&#8221; custom_padding_tablet=&#8221;&#8221; custom_padding_phone=&#8221;||||false|false&#8221; custom_padding_last_edited=&#8221;on|phone&#8221; text_font_size_tablet=&#8221;16px&#8221; text_font_size_phone=&#8221;17px&#8221; text_font_size_last_edited=&#8221;on|phone&#8221; z_index_tablet=&#8221;500&#8243; text_text_shadow_horizontal_length_tablet=&#8221;0px&#8221; text_text_shadow_vertical_length_tablet=&#8221;0px&#8221; text_text_shadow_blur_strength_tablet=&#8221;1px&#8221; link_text_shadow_horizontal_length_tablet=&#8221;0px&#8221; link_text_shadow_vertical_length_tablet=&#8221;0px&#8221; link_text_shadow_blur_strength_tablet=&#8221;1px&#8221; ul_text_shadow_horizontal_length_tablet=&#8221;0px&#8221; ul_text_shadow_vertical_length_tablet=&#8221;0px&#8221; ul_text_shadow_blur_strength_tablet=&#8221;1px&#8221; ol_text_shadow_horizontal_length_tablet=&#8221;0px&#8221; ol_text_shadow_vertical_length_tablet=&#8221;0px&#8221; ol_text_shadow_blur_strength_tablet=&#8221;1px&#8221; quote_text_shadow_horizontal_length_tablet=&#8221;0px&#8221; quote_text_shadow_vertical_length_tablet=&#8221;0px&#8221; quote_text_shadow_blur_strength_tablet=&#8221;1px&#8221; header_text_shadow_horizontal_length_tablet=&#8221;0px&#8221; header_text_shadow_vertical_length_tablet=&#8221;0px&#8221; header_text_shadow_blur_strength_tablet=&#8221;1px&#8221; header_2_text_shadow_horizontal_length_tablet=&#8221;0px&#8221; header_2_text_shadow_vertical_length_tablet=&#8221;0px&#8221; header_2_text_shadow_blur_strength_tablet=&#8221;1px&#8221; header_3_text_shadow_horizontal_length_tablet=&#8221;0px&#8221; header_3_text_shadow_vertical_length_tablet=&#8221;0px&#8221; header_3_text_shadow_blur_strength_tablet=&#8221;1px&#8221; header_4_text_shadow_horizontal_length_tablet=&#8221;0px&#8221; header_4_text_shadow_vertical_length_tablet=&#8221;0px&#8221; header_4_text_shadow_blur_strength_tablet=&#8221;1px&#8221; header_5_text_shadow_horizontal_length_tablet=&#8221;0px&#8221; header_5_text_shadow_vertical_length_tablet=&#8221;0px&#8221; header_5_text_shadow_blur_strength_tablet=&#8221;1px&#8221; header_6_text_shadow_horizontal_length_tablet=&#8221;0px&#8221; header_6_text_shadow_vertical_length_tablet=&#8221;0px&#8221; header_6_text_shadow_blur_strength_tablet=&#8221;1px&#8221; box_shadow_horizontal_tablet=&#8221;0px&#8221; box_shadow_vertical_tablet=&#8221;0px&#8221; box_shadow_blur_tablet=&#8221;40px&#8221; box_shadow_spread_tablet=&#8221;0px&#8221; global_colors_info=&#8221;{}&#8221;]<\/p>\n<p>360 Haarlem Tours \u00e9 uma empresa irm\u00e3 da Amsterdam Tours. Trata-se de uma empresa jovem e din\u00e2mica, fundada em Fevereiro de 2014.<\/p>\n<p>A nossa sede est\u00e1 localizada no centro de Amesterd\u00e3o, onde temos uma equipa excelente de 6 funcion\u00e1rios. Eles est\u00e3o sempre dispostos a ajudar, orientar e informar sobre o que mais fazer em Haarlem e Amesterd\u00e3o.<\/p>\n<p>A equipa da 360 Amsterdam Tours \u00e9 constitu\u00edda por 35 a 50 guias tur\u00edsticos locais independentes. Esta equipa fant\u00e1stica de guias tur\u00edsticos especializados s\u00e3o profissionais na sua \u00e1rea.<\/p>\n<p>A maioria dos nossos guias s\u00e3o habitantes de Amesterd\u00e3o, nascidos e criados, mas os que s\u00e3o origin\u00e1rios de outro pa\u00eds, vivem aqui h\u00e1 tanto tempo que conhecem os meandros da cidade melhor do que o cidad\u00e3o comum de Amesterd\u00e3o e a maioria deles domina bem a l\u00edngua holandesa, bravo! Os nossos guias tur\u00edsticos s\u00e3o apaixonados pelo que fazem e isso nota-se!<\/p>\n<p>Oferecemos visitas guiadas em ingl\u00eas, espanhol, italiano, alem\u00e3o, portugu\u00eas, franc\u00eas e holand\u00eas, para que se sinta em casa longe de casa.<\/p>\n<p>O esp\u00edrito da 360 Amsterdam Tours \u00e9 \u00fanico no seu g\u00e9nero. A forma como os nossos funcion\u00e1rios e guias tur\u00edsticos cooperam entre si, partilhando informa\u00e7\u00f5es e criando uma experi\u00eancia maravilhosa para todos os h\u00f3spedes, \u00e9 muito calorosa e acolhedora para quem entra nos nossos escrit\u00f3rios ou participa nas nossas excurs\u00f5es di\u00e1rias.<\/p>\n<p><strong>Passeios personalizados<\/strong><br \/>Se j\u00e1 tem uma ideia para uma excurs\u00e3o, contacte-nos ou utilize o nosso formul\u00e1rio de correio <a href=\"https:\/\/360amsterdamtours.com\/contact\/\" target=\"_blank\" rel=\"noopener noreferrer\">electr\u00f3nico<\/a> e fornecer-lhe-emos um itiner\u00e1rio detalhado e um or\u00e7amento para essa excurs\u00e3o espec\u00edfica. Se estiver \u00e0 procura de ideias, teremos todo o gosto em criar uma visita personalizada ou ajud\u00e1-lo a desenvolver novos itiner\u00e1rios para o seu grupo que visita Amesterd\u00e3o.<\/p>\n<p>[\/et_pb_text][\/et_pb_column][et_pb_column type=&#8221;1_4&#8243; _builder_version=&#8221;4.16&#8243; custom_padding=&#8221;|||&#8221; global_colors_info=&#8221;{}&#8221; custom_padding__hover=&#8221;|||&#8221;][et_pb_code admin_label=&#8221;Widget do Trip Advisor&#8221; _builder_version=&#8221;4.16&#8243; global_colors_info=&#8221;{}&#8221;]<\/p>\n<div id=\"TA_selfserveprop723\" class=\"TA_selfserveprop\">\n<ul id=\"jY4BeaP\" class=\"TA_links JABtsiPXFY\">\n<li id=\"O9uqb6\" class=\"dlah40Qp\"><a target=\"_blank\" href=\"https:\/\/www.tripadvisor.com\/\" rel=\"noopener noreferrer\"><img decoding=\"async\" src=\"https:\/\/360haarlemtours.com\/wp-content\/uploads\/2023\/04\/150_logo-11900-2.png\" alt=\"TripAdvisor\"><\/a><\/li>\n<\/ul>\n<\/div>\n<p><script async=\"\" src=\"https:\/\/www.jscache.com\/wejs?wtype=selfserveprop&amp;uniq=723&amp;locationId=6454312&amp;lang=en_US&amp;rating=true&amp;nreviews=5&amp;writereviewlink=true&amp;popIdx=true&amp;iswide=false&amp;border=true&amp;display_version=2\" data-loadtrk=\"\" onload=\"this.loadtrk=true\"><\/script>[\/et_pb_code][\/et_pb_column][\/et_pb_row][\/et_pb_section][et_pb_section fb_built=&#8221;1&#8243; _builder_version=&#8221;4.19.1&#8243; _module_preset=&#8221;default&#8221; custom_margin=&#8221;||||false|false&#8221; custom_padding=&#8221;0px||0px||false|false&#8221; global_colors_info=&#8221;{}&#8221;][et_pb_row _builder_version=&#8221;4.19.1&#8243; _module_preset=&#8221;default&#8221; global_colors_info=&#8221;{}&#8221;][et_pb_column type=&#8221;4_4&#8243; _builder_version=&#8221;4.19.1&#8243; _module_preset=&#8221;default&#8221; global_colors_info=&#8221;{}&#8221;][et_pb_text _builder_version=&#8221;4.19.1&#8243; _module_preset=&#8221;default&#8221; global_colors_info=&#8221;{}&#8221;][\/et_pb_text][\/et_pb_column][\/et_pb_row][\/et_pb_section]<\/p>\n","protected":false},"excerpt":{"rendered":"<p>Sobre n\u00f3sSobre n\u00f3s360 Haarlem Tours \u00e9 uma empresa irm\u00e3 da Amsterdam Tours. Trata-se de uma empresa jovem e din\u00e2mica, fundada em Fevereiro de 2014. A nossa sede est\u00e1 localizada no centro de Amesterd\u00e3o, onde temos uma equipa excelente de 6 funcion\u00e1rios. Eles est\u00e3o sempre dispostos a ajudar, orientar e informar sobre o que mais fazer [&hellip;]<\/p>\n","protected":false},"author":1,"featured_media":3526,"parent":0,"menu_order":0,"comment_status":"closed","ping_status":"closed","template":"","meta":{"_et_pb_use_builder":"on","_et_pb_old_content":"","_et_gb_content_width":"","_uf_show_specific_survey":0,"_uf_disable_surveys":false,"footnotes":""},"class_list":["post-415","page","type-page","status-publish","has-post-thumbnail","hentry"],"yoast_head":"<!-- This site is optimized with the Yoast SEO plugin v27.5 - https:\/\/yoast.com\/product\/yoast-seo-wordpress\/ -->\n<title>Sobre n\u00f3s - 360 Haarlem Tours<\/title>\n<meta name=\"description\" content=\"360 Haarlem Tours \u00e9 uma empresa irm\u00e3 da Amsterdam Tours. Trata-se de uma empresa jovem e din\u00e2mica, fundada em Fevereiro de 2014.\" \/>\n<meta name=\"robots\" content=\"index, follow, max-snippet:-1, max-image-preview:large, max-video-preview:-1\" \/>\n<link rel=\"canonical\" href=\"https:\/\/360haarlemtours.com\/pt-pt\/sobre-nos\/\" \/>\n<meta property=\"og:locale\" content=\"pt_PT\" \/>\n<meta property=\"og:type\" content=\"article\" \/>\n<meta property=\"og:title\" content=\"Sobre n\u00f3s - 360 Haarlem Tours\" \/>\n<meta property=\"og:description\" content=\"360 Haarlem Tours \u00e9 uma empresa irm\u00e3 da Amsterdam Tours. Trata-se de uma empresa jovem e din\u00e2mica, fundada em Fevereiro de 2014.\" \/>\n<meta property=\"og:url\" content=\"https:\/\/360haarlemtours.com\/pt-pt\/sobre-nos\/\" \/>\n<meta property=\"og:site_name\" content=\"360 Haarlem Tours\" \/>\n<meta property=\"article:modified_time\" content=\"2023-07-11T14:51:39+00:00\" \/>\n<meta property=\"og:image\" content=\"https:\/\/360haarlemtours.com\/wp-content\/uploads\/2024\/07\/360-haarlem-tours_about-us_M.jpg\" \/>\n\t<meta property=\"og:image:width\" content=\"797\" \/>\n\t<meta property=\"og:image:height\" content=\"600\" \/>\n\t<meta property=\"og:image:type\" content=\"image\/jpeg\" \/>\n<meta name=\"twitter:card\" content=\"summary_large_image\" \/>\n<meta name=\"twitter:label1\" content=\"Tempo estimado de leitura\" \/>\n\t<meta name=\"twitter:data1\" content=\"7 minutos\" \/>\n<script type=\"application\/ld+json\" class=\"yoast-schema-graph\">{\"@context\":\"https:\\\/\\\/schema.org\",\"@graph\":[{\"@type\":\"WebPage\",\"@id\":\"https:\\\/\\\/360haarlemtours.com\\\/pt-pt\\\/sobre-nos\\\/\",\"url\":\"https:\\\/\\\/360haarlemtours.com\\\/pt-pt\\\/sobre-nos\\\/\",\"name\":\"Sobre n\u00f3s - 360 Haarlem Tours\",\"isPartOf\":{\"@id\":\"https:\\\/\\\/360haarlemtours.com\\\/pt-pt\\\/#website\"},\"primaryImageOfPage\":{\"@id\":\"https:\\\/\\\/360haarlemtours.com\\\/pt-pt\\\/sobre-nos\\\/#primaryimage\"},\"image\":{\"@id\":\"https:\\\/\\\/360haarlemtours.com\\\/pt-pt\\\/sobre-nos\\\/#primaryimage\"},\"thumbnailUrl\":\"https:\\\/\\\/360haarlemtours.com\\\/wp-content\\\/uploads\\\/2024\\\/07\\\/360-haarlem-tours_about-us_M.jpg\",\"datePublished\":\"2023-04-28T15:58:39+00:00\",\"dateModified\":\"2023-07-11T14:51:39+00:00\",\"description\":\"360 Haarlem Tours \u00e9 uma empresa irm\u00e3 da Amsterdam Tours. Trata-se de uma empresa jovem e din\u00e2mica, fundada em Fevereiro de 2014.\",\"breadcrumb\":{\"@id\":\"https:\\\/\\\/360haarlemtours.com\\\/pt-pt\\\/sobre-nos\\\/#breadcrumb\"},\"inLanguage\":\"pt-PT\",\"potentialAction\":[{\"@type\":\"ReadAction\",\"target\":[\"https:\\\/\\\/360haarlemtours.com\\\/pt-pt\\\/sobre-nos\\\/\"]}]},{\"@type\":\"ImageObject\",\"inLanguage\":\"pt-PT\",\"@id\":\"https:\\\/\\\/360haarlemtours.com\\\/pt-pt\\\/sobre-nos\\\/#primaryimage\",\"url\":\"https:\\\/\\\/360haarlemtours.com\\\/wp-content\\\/uploads\\\/2024\\\/07\\\/360-haarlem-tours_about-us_M.jpg\",\"contentUrl\":\"https:\\\/\\\/360haarlemtours.com\\\/wp-content\\\/uploads\\\/2024\\\/07\\\/360-haarlem-tours_about-us_M.jpg\",\"width\":797,\"height\":600},{\"@type\":\"BreadcrumbList\",\"@id\":\"https:\\\/\\\/360haarlemtours.com\\\/pt-pt\\\/sobre-nos\\\/#breadcrumb\",\"itemListElement\":[{\"@type\":\"ListItem\",\"position\":1,\"name\":\"Home\",\"item\":\"https:\\\/\\\/360haarlemtours.com\\\/pt-pt\\\/\"},{\"@type\":\"ListItem\",\"position\":2,\"name\":\"Sobre n\u00f3s\"}]},{\"@type\":\"WebSite\",\"@id\":\"https:\\\/\\\/360haarlemtours.com\\\/pt-pt\\\/#website\",\"url\":\"https:\\\/\\\/360haarlemtours.com\\\/pt-pt\\\/\",\"name\":\"360 Haarlem Tours\",\"description\":\"Best Walking City Tours | Food Tours | Activities\",\"publisher\":{\"@id\":\"https:\\\/\\\/360haarlemtours.com\\\/pt-pt\\\/#organization\"},\"potentialAction\":[{\"@type\":\"SearchAction\",\"target\":{\"@type\":\"EntryPoint\",\"urlTemplate\":\"https:\\\/\\\/360haarlemtours.com\\\/pt-pt\\\/?s={search_term_string}\"},\"query-input\":{\"@type\":\"PropertyValueSpecification\",\"valueRequired\":true,\"valueName\":\"search_term_string\"}}],\"inLanguage\":\"pt-PT\"},{\"@type\":\"Organization\",\"@id\":\"https:\\\/\\\/360haarlemtours.com\\\/pt-pt\\\/#organization\",\"name\":\"360 Haarlem Tours\",\"url\":\"https:\\\/\\\/360haarlemtours.com\\\/pt-pt\\\/\",\"logo\":{\"@type\":\"ImageObject\",\"inLanguage\":\"pt-PT\",\"@id\":\"https:\\\/\\\/360haarlemtours.com\\\/pt-pt\\\/#\\\/schema\\\/logo\\\/image\\\/\",\"url\":\"https:\\\/\\\/360haarlemtours.com\\\/wp-content\\\/uploads\\\/2023\\\/04\\\/cropped-Logo-badge-1.png\",\"contentUrl\":\"https:\\\/\\\/360haarlemtours.com\\\/wp-content\\\/uploads\\\/2023\\\/04\\\/cropped-Logo-badge-1.png\",\"width\":512,\"height\":512,\"caption\":\"360 Haarlem Tours\"},\"image\":{\"@id\":\"https:\\\/\\\/360haarlemtours.com\\\/pt-pt\\\/#\\\/schema\\\/logo\\\/image\\\/\"}}]}<\/script>\n<!-- \/ Yoast SEO plugin. -->","yoast_head_json":{"title":"Sobre n\u00f3s - 360 Haarlem Tours","description":"360 Haarlem Tours \u00e9 uma empresa irm\u00e3 da Amsterdam Tours. Trata-se de uma empresa jovem e din\u00e2mica, fundada em Fevereiro de 2014.","robots":{"index":"index","follow":"follow","max-snippet":"max-snippet:-1","max-image-preview":"max-image-preview:large","max-video-preview":"max-video-preview:-1"},"canonical":"https:\/\/360haarlemtours.com\/pt-pt\/sobre-nos\/","og_locale":"pt_PT","og_type":"article","og_title":"Sobre n\u00f3s - 360 Haarlem Tours","og_description":"360 Haarlem Tours \u00e9 uma empresa irm\u00e3 da Amsterdam Tours. Trata-se de uma empresa jovem e din\u00e2mica, fundada em Fevereiro de 2014.","og_url":"https:\/\/360haarlemtours.com\/pt-pt\/sobre-nos\/","og_site_name":"360 Haarlem Tours","article_modified_time":"2023-07-11T14:51:39+00:00","og_image":[{"width":797,"height":600,"url":"https:\/\/360haarlemtours.com\/wp-content\/uploads\/2024\/07\/360-haarlem-tours_about-us_M.jpg","type":"image\/jpeg"}],"twitter_card":"summary_large_image","twitter_misc":{"Tempo estimado de leitura":"7 minutos"},"schema":{"@context":"https:\/\/schema.org","@graph":[{"@type":"WebPage","@id":"https:\/\/360haarlemtours.com\/pt-pt\/sobre-nos\/","url":"https:\/\/360haarlemtours.com\/pt-pt\/sobre-nos\/","name":"Sobre n\u00f3s - 360 Haarlem Tours","isPartOf":{"@id":"https:\/\/360haarlemtours.com\/pt-pt\/#website"},"primaryImageOfPage":{"@id":"https:\/\/360haarlemtours.com\/pt-pt\/sobre-nos\/#primaryimage"},"image":{"@id":"https:\/\/360haarlemtours.com\/pt-pt\/sobre-nos\/#primaryimage"},"thumbnailUrl":"https:\/\/360haarlemtours.com\/wp-content\/uploads\/2024\/07\/360-haarlem-tours_about-us_M.jpg","datePublished":"2023-04-28T15:58:39+00:00","dateModified":"2023-07-11T14:51:39+00:00","description":"360 Haarlem Tours \u00e9 uma empresa irm\u00e3 da Amsterdam Tours. Trata-se de uma empresa jovem e din\u00e2mica, fundada em Fevereiro de 2014.","breadcrumb":{"@id":"https:\/\/360haarlemtours.com\/pt-pt\/sobre-nos\/#breadcrumb"},"inLanguage":"pt-PT","potentialAction":[{"@type":"ReadAction","target":["https:\/\/360haarlemtours.com\/pt-pt\/sobre-nos\/"]}]},{"@type":"ImageObject","inLanguage":"pt-PT","@id":"https:\/\/360haarlemtours.com\/pt-pt\/sobre-nos\/#primaryimage","url":"https:\/\/360haarlemtours.com\/wp-content\/uploads\/2024\/07\/360-haarlem-tours_about-us_M.jpg","contentUrl":"https:\/\/360haarlemtours.com\/wp-content\/uploads\/2024\/07\/360-haarlem-tours_about-us_M.jpg","width":797,"height":600},{"@type":"BreadcrumbList","@id":"https:\/\/360haarlemtours.com\/pt-pt\/sobre-nos\/#breadcrumb","itemListElement":[{"@type":"ListItem","position":1,"name":"Home","item":"https:\/\/360haarlemtours.com\/pt-pt\/"},{"@type":"ListItem","position":2,"name":"Sobre n\u00f3s"}]},{"@type":"WebSite","@id":"https:\/\/360haarlemtours.com\/pt-pt\/#website","url":"https:\/\/360haarlemtours.com\/pt-pt\/","name":"360 Haarlem Tours","description":"Best Walking City Tours | Food Tours | Activities","publisher":{"@id":"https:\/\/360haarlemtours.com\/pt-pt\/#organization"},"potentialAction":[{"@type":"SearchAction","target":{"@type":"EntryPoint","urlTemplate":"https:\/\/360haarlemtours.com\/pt-pt\/?s={search_term_string}"},"query-input":{"@type":"PropertyValueSpecification","valueRequired":true,"valueName":"search_term_string"}}],"inLanguage":"pt-PT"},{"@type":"Organization","@id":"https:\/\/360haarlemtours.com\/pt-pt\/#organization","name":"360 Haarlem Tours","url":"https:\/\/360haarlemtours.com\/pt-pt\/","logo":{"@type":"ImageObject","inLanguage":"pt-PT","@id":"https:\/\/360haarlemtours.com\/pt-pt\/#\/schema\/logo\/image\/","url":"https:\/\/360haarlemtours.com\/wp-content\/uploads\/2023\/04\/cropped-Logo-badge-1.png","contentUrl":"https:\/\/360haarlemtours.com\/wp-content\/uploads\/2023\/04\/cropped-Logo-badge-1.png","width":512,"height":512,"caption":"360 Haarlem Tours"},"image":{"@id":"https:\/\/360haarlemtours.com\/pt-pt\/#\/schema\/logo\/image\/"}}]}},"_links":{"self":[{"href":"https:\/\/360haarlemtours.com\/pt-pt\/wp-json\/wp\/v2\/pages\/415","targetHints":{"allow":["GET"]}}],"collection":[{"href":"https:\/\/360haarlemtours.com\/pt-pt\/wp-json\/wp\/v2\/pages"}],"about":[{"href":"https:\/\/360haarlemtours.com\/pt-pt\/wp-json\/wp\/v2\/types\/page"}],"author":[{"embeddable":true,"href":"https:\/\/360haarlemtours.com\/pt-pt\/wp-json\/wp\/v2\/users\/1"}],"replies":[{"embeddable":true,"href":"https:\/\/360haarlemtours.com\/pt-pt\/wp-json\/wp\/v2\/comments?post=415"}],"version-history":[{"count":3,"href":"https:\/\/360haarlemtours.com\/pt-pt\/wp-json\/wp\/v2\/pages\/415\/revisions"}],"predecessor-version":[{"id":1878,"href":"https:\/\/360haarlemtours.com\/pt-pt\/wp-json\/wp\/v2\/pages\/415\/revisions\/1878"}],"wp:featuredmedia":[{"embeddable":true,"href":"https:\/\/360haarlemtours.com\/pt-pt\/wp-json\/wp\/v2\/media\/3526"}],"wp:attachment":[{"href":"https:\/\/360haarlemtours.com\/pt-pt\/wp-json\/wp\/v2\/media?parent=415"}],"curies":[{"name":"wp","href":"https:\/\/api.w.org\/{rel}","templated":true}]}}